{"id":11744,"date":"2020-04-16T15:32:39","date_gmt":"2020-04-16T15:32:39","guid":{"rendered":"https:\/\/www.lugaris.com\/4-interesantes-razones\/"},"modified":"2020-08-31T09:55:21","modified_gmt":"2020-08-31T09:55:21","slug":"4-interessants-raons","status":"publish","type":"page","link":"https:\/\/www.lugaris.com\/ca\/4-interessants-raons\/","title":{"rendered":"4 GRANS AVANTATGES"},"content":{"rendered":"\n<div class=\"wp-block-columns is-layout-flex wp-container-core-columns-layout-1 wp-block-columns-is-layout-flex\">\n<div class=\"wp-block-column is-layout-flow wp-block-column-is-layout-flow\">\n<div class=\"wp-block-lugaris-info-block info-block\"><img decoding=\"async\" bb=\"image\" bb-id=\"11655\" class=\"info-block__image\" src=\"https:\/\/www.lugaris.com\/app\/uploads\/2020\/07\/cars-1578513-scaled.jpg\" alt=\"\" title=\"cars-1578513\"\/><h3 bb=\"header\" class=\"info-block__header\">PARKING GRATIS<\/h3><p bb=\"description\" class=\"info-block__description\">Convidem al teu autom\u00f2bil a descansar en el nostre espai\u00f3s aparcament.\u00a0Codi PRKFREE.<\/p><\/div>\n<\/div>\n\n\n\n<div class=\"wp-block-column is-layout-flow wp-block-column-is-layout-flow\">\n<div class=\"wp-block-lugaris-info-block info-block\"><img decoding=\"async\" bb=\"image\" bb-id=\"11663\" class=\"info-block__image\" src=\"https:\/\/www.lugaris.com\/app\/uploads\/2020\/07\/feather-duster-709124-scaled.jpg\" alt=\"\" title=\"feather-duster-709124\"\/><h3 bb=\"header\" class=\"info-block__header\">NETEJA GRATIS<\/h3><p bb=\"description\" class=\"info-block__description\">Tindr\u00e0s una sessi\u00f3 de neteja m\u00e9s i una preocupaci\u00f3 menys.\u00a0Codi CLEANFREE.<\/p><\/div>\n<\/div>\n\n\n\n<div class=\"wp-block-column is-layout-flow wp-block-column-is-layout-flow\">\n<div class=\"wp-block-lugaris-info-block info-block\"><img decoding=\"async\" bb=\"image\" bb-id=\"11728\" class=\"info-block__image\" src=\"https:\/\/www.lugaris.com\/app\/uploads\/2020\/07\/New-Project-1.jpg\" alt=\"\" title=\"New-Project-1\"\/><h3 bb=\"header\" class=\"info-block__header\">TRANSFER GRATIS<\/h3><p bb=\"description\" class=\"info-block__description\">Un meravell\u00f3s privilegi. Exclusiu per estades superiors a 5 dies. Trasllat de l\u2019aeroport a Lugaris.\u00a0Codi TRANFREE.<\/p><\/div>\n<\/div>\n\n\n\n<div class=\"wp-block-column is-layout-flow wp-block-column-is-layout-flow\">\n<div class=\"wp-block-lugaris-info-block info-block\"><img decoding=\"async\" bb=\"image\" bb-id=\"11721\" class=\"info-block__image\" src=\"https:\/\/www.lugaris.com\/app\/uploads\/2020\/07\/New-Project.jpg\" alt=\"\" title=\"New-Project\"\/><h3 bb=\"header\" class=\"info-block__header\">5% DESCOMPTE<\/h3><p bb=\"description\" class=\"info-block__description\">Aprofita aquesta magn\u00edfica oportunitat i estalvia un bon pessic.Codi BOOKNOW.<\/p><\/div>\n<\/div>\n<\/div>\n\n\n\n<p class=\"\"><\/p>\n","protected":false},"excerpt":{"rendered":"","protected":false},"author":4,"featured_media":9898,"parent":0,"menu_order":0,"comment_status":"closed","ping_status":"closed","template":"","meta":{"_uag_custom_page_level_css":"","footnotes":""},"yoast_head":"<!-- This site is optimized with the Yoast SEO plugin v23.1 - https:\/\/yoast.com\/wordpress\/plugins\/seo\/ -->\n<title>Per qu\u00e8 reservar apartaments a Barcelona amb Lugaris | Avantatges<\/title>\n<meta name=\"description\" content=\"Veniu de vacances a Barcelona? Reserveu avui mateix el vostre apartament a la platja! Amb els apartaments de Lugaris, ho teniu ben f\u00e0cil.\" \/>\n<meta name=\"robots\" content=\"index, follow, max-snippet:-1, max-image-preview:large, max-video-preview:-1\" \/>\n<link rel=\"canonical\" href=\"https:\/\/www.lugaris.com\/ca\/4-interessants-raons\/\" \/>\n<meta property=\"og:locale\" content=\"ca_ES\" \/>\n<meta property=\"og:type\" content=\"article\" \/>\n<meta property=\"og:title\" content=\"Per qu\u00e8 reservar apartaments a Barcelona amb Lugaris | Avantatges\" \/>\n<meta property=\"og:description\" content=\"Veniu de vacances a Barcelona? Reserveu avui mateix el vostre apartament a la platja! Amb els apartaments de Lugaris, ho teniu ben f\u00e0cil.\" \/>\n<meta property=\"og:url\" content=\"https:\/\/www.lugaris.com\/ca\/4-interessants-raons\/\" \/>\n<meta property=\"og:site_name\" content=\"Lugaris\" \/>\n<meta property=\"article:modified_time\" content=\"2020-08-31T09:55:21+00:00\" \/>\n<meta property=\"og:image\" content=\"https:\/\/www.lugaris.com\/app\/uploads\/2020\/06\/new-year-3106847_1280.jpg\" \/>\n\t<meta property=\"og:image:width\" content=\"1920\" \/>\n\t<meta property=\"og:image:height\" content=\"520\" \/>\n\t<meta property=\"og:image:type\" content=\"image\/jpeg\" \/>\n<meta name=\"twitter:card\" content=\"summary_large_image\" \/>\n<script type=\"application\/ld+json\" class=\"yoast-schema-graph\">{\"@context\":\"https:\/\/schema.org\",\"@graph\":[{\"@type\":\"WebPage\",\"@id\":\"https:\/\/www.lugaris.com\/ca\/4-interessants-raons\/\",\"url\":\"https:\/\/www.lugaris.com\/ca\/4-interessants-raons\/\",\"name\":\"Per qu\u00e8 reservar apartaments a Barcelona amb Lugaris | Avantatges\",\"isPartOf\":{\"@id\":\"https:\/\/www.lugaris.com\/ca\/#website\"},\"primaryImageOfPage\":{\"@id\":\"https:\/\/www.lugaris.com\/ca\/4-interessants-raons\/#primaryimage\"},\"image\":{\"@id\":\"https:\/\/www.lugaris.com\/ca\/4-interessants-raons\/#primaryimage\"},\"thumbnailUrl\":\"https:\/\/www.lugaris.com\/app\/uploads\/2020\/06\/new-year-3106847_1280.jpg\",\"datePublished\":\"2020-04-16T15:32:39+00:00\",\"dateModified\":\"2020-08-31T09:55:21+00:00\",\"description\":\"Veniu de vacances a Barcelona? Reserveu avui mateix el vostre apartament a la platja! Amb els apartaments de Lugaris, ho teniu ben f\u00e0cil.\",\"breadcrumb\":{\"@id\":\"https:\/\/www.lugaris.com\/ca\/4-interessants-raons\/#breadcrumb\"},\"inLanguage\":\"ca\",\"potentialAction\":[{\"@type\":\"ReadAction\",\"target\":[\"https:\/\/www.lugaris.com\/ca\/4-interessants-raons\/\"]}]},{\"@type\":\"ImageObject\",\"inLanguage\":\"ca\",\"@id\":\"https:\/\/www.lugaris.com\/ca\/4-interessants-raons\/#primaryimage\",\"url\":\"https:\/\/www.lugaris.com\/app\/uploads\/2020\/06\/new-year-3106847_1280.jpg\",\"contentUrl\":\"https:\/\/www.lugaris.com\/app\/uploads\/2020\/06\/new-year-3106847_1280.jpg\",\"width\":1920,\"height\":520},{\"@type\":\"BreadcrumbList\",\"@id\":\"https:\/\/www.lugaris.com\/ca\/4-interessants-raons\/#breadcrumb\",\"itemListElement\":[{\"@type\":\"ListItem\",\"position\":1,\"name\":\"Home\",\"item\":\"https:\/\/www.lugaris.com\/ca\/\"},{\"@type\":\"ListItem\",\"position\":2,\"name\":\"4 GRANS AVANTATGES\"}]},{\"@type\":\"WebSite\",\"@id\":\"https:\/\/www.lugaris.com\/ca\/#website\",\"url\":\"https:\/\/www.lugaris.com\/ca\/\",\"name\":\"Lugaris\",\"description\":\"Apartamentos de vacaciones en Barcelona\",\"publisher\":{\"@id\":\"https:\/\/www.lugaris.com\/ca\/#organization\"},\"potentialAction\":[{\"@type\":\"SearchAction\",\"target\":{\"@type\":\"EntryPoint\",\"urlTemplate\":\"https:\/\/www.lugaris.com\/ca\/?s={search_term_string}\"},\"query-input\":\"required name=search_term_string\"}],\"inLanguage\":\"ca\"},{\"@type\":\"Organization\",\"@id\":\"https:\/\/www.lugaris.com\/ca\/#organization\",\"name\":\"Lugaris Apartments in Barcelona\",\"url\":\"https:\/\/www.lugaris.com\/ca\/\",\"logo\":{\"@type\":\"ImageObject\",\"inLanguage\":\"ca\",\"@id\":\"https:\/\/www.lugaris.com\/ca\/#\/schema\/logo\/image\/\",\"url\":\"https:\/\/www.lugaris.com\/app\/uploads\/2020\/03\/Logo_lugaris_v2.png\",\"contentUrl\":\"https:\/\/www.lugaris.com\/app\/uploads\/2020\/03\/Logo_lugaris_v2.png\",\"width\":285,\"height\":257,\"caption\":\"Lugaris Apartments in Barcelona\"},\"image\":{\"@id\":\"https:\/\/www.lugaris.com\/ca\/#\/schema\/logo\/image\/\"}}]}<\/script>\n<!-- \/ Yoast SEO plugin. -->","yoast_head_json":{"title":"Per qu\u00e8 reservar apartaments a Barcelona amb Lugaris | Avantatges","description":"Veniu de vacances a Barcelona? Reserveu avui mateix el vostre apartament a la platja! Amb els apartaments de Lugaris, ho teniu ben f\u00e0cil.","robots":{"index":"index","follow":"follow","max-snippet":"max-snippet:-1","max-image-preview":"max-image-preview:large","max-video-preview":"max-video-preview:-1"},"canonical":"https:\/\/www.lugaris.com\/ca\/4-interessants-raons\/","og_locale":"ca_ES","og_type":"article","og_title":"Per qu\u00e8 reservar apartaments a Barcelona amb Lugaris | Avantatges","og_description":"Veniu de vacances a Barcelona? Reserveu avui mateix el vostre apartament a la platja! Amb els apartaments de Lugaris, ho teniu ben f\u00e0cil.","og_url":"https:\/\/www.lugaris.com\/ca\/4-interessants-raons\/","og_site_name":"Lugaris","article_modified_time":"2020-08-31T09:55:21+00:00","og_image":[{"width":1920,"height":520,"url":"https:\/\/www.lugaris.com\/app\/uploads\/2020\/06\/new-year-3106847_1280.jpg","type":"image\/jpeg"}],"twitter_card":"summary_large_image","schema":{"@context":"https:\/\/schema.org","@graph":[{"@type":"WebPage","@id":"https:\/\/www.lugaris.com\/ca\/4-interessants-raons\/","url":"https:\/\/www.lugaris.com\/ca\/4-interessants-raons\/","name":"Per qu\u00e8 reservar apartaments a Barcelona amb Lugaris | Avantatges","isPartOf":{"@id":"https:\/\/www.lugaris.com\/ca\/#website"},"primaryImageOfPage":{"@id":"https:\/\/www.lugaris.com\/ca\/4-interessants-raons\/#primaryimage"},"image":{"@id":"https:\/\/www.lugaris.com\/ca\/4-interessants-raons\/#primaryimage"},"thumbnailUrl":"https:\/\/www.lugaris.com\/app\/uploads\/2020\/06\/new-year-3106847_1280.jpg","datePublished":"2020-04-16T15:32:39+00:00","dateModified":"2020-08-31T09:55:21+00:00","description":"Veniu de vacances a Barcelona? Reserveu avui mateix el vostre apartament a la platja! Amb els apartaments de Lugaris, ho teniu ben f\u00e0cil.","breadcrumb":{"@id":"https:\/\/www.lugaris.com\/ca\/4-interessants-raons\/#breadcrumb"},"inLanguage":"ca","potentialAction":[{"@type":"ReadAction","target":["https:\/\/www.lugaris.com\/ca\/4-interessants-raons\/"]}]},{"@type":"ImageObject","inLanguage":"ca","@id":"https:\/\/www.lugaris.com\/ca\/4-interessants-raons\/#primaryimage","url":"https:\/\/www.lugaris.com\/app\/uploads\/2020\/06\/new-year-3106847_1280.jpg","contentUrl":"https:\/\/www.lugaris.com\/app\/uploads\/2020\/06\/new-year-3106847_1280.jpg","width":1920,"height":520},{"@type":"BreadcrumbList","@id":"https:\/\/www.lugaris.com\/ca\/4-interessants-raons\/#breadcrumb","itemListElement":[{"@type":"ListItem","position":1,"name":"Home","item":"https:\/\/www.lugaris.com\/ca\/"},{"@type":"ListItem","position":2,"name":"4 GRANS AVANTATGES"}]},{"@type":"WebSite","@id":"https:\/\/www.lugaris.com\/ca\/#website","url":"https:\/\/www.lugaris.com\/ca\/","name":"Lugaris","description":"Apartamentos de vacaciones en Barcelona","publisher":{"@id":"https:\/\/www.lugaris.com\/ca\/#organization"},"potentialAction":[{"@type":"SearchAction","target":{"@type":"EntryPoint","urlTemplate":"https:\/\/www.lugaris.com\/ca\/?s={search_term_string}"},"query-input":"required name=search_term_string"}],"inLanguage":"ca"},{"@type":"Organization","@id":"https:\/\/www.lugaris.com\/ca\/#organization","name":"Lugaris Apartments in Barcelona","url":"https:\/\/www.lugaris.com\/ca\/","logo":{"@type":"ImageObject","inLanguage":"ca","@id":"https:\/\/www.lugaris.com\/ca\/#\/schema\/logo\/image\/","url":"https:\/\/www.lugaris.com\/app\/uploads\/2020\/03\/Logo_lugaris_v2.png","contentUrl":"https:\/\/www.lugaris.com\/app\/uploads\/2020\/03\/Logo_lugaris_v2.png","width":285,"height":257,"caption":"Lugaris Apartments in Barcelona"},"image":{"@id":"https:\/\/www.lugaris.com\/ca\/#\/schema\/logo\/image\/"}}]}},"uagb_featured_image_src":{"full":["https:\/\/www.lugaris.com\/app\/uploads\/2020\/06\/new-year-3106847_1280.jpg",1920,520,false],"thumbnail":["https:\/\/www.lugaris.com\/app\/uploads\/2020\/06\/new-year-3106847_1280-150x150.jpg",150,150,true],"medium":["https:\/\/www.lugaris.com\/app\/uploads\/2020\/06\/new-year-3106847_1280-300x81.jpg",300,81,true],"medium_large":["https:\/\/www.lugaris.com\/app\/uploads\/2020\/06\/new-year-3106847_1280-768x208.jpg",768,208,true],"large":["https:\/\/www.lugaris.com\/app\/uploads\/2020\/06\/new-year-3106847_1280-1024x277.jpg",1024,277,true],"1536x1536":["https:\/\/www.lugaris.com\/app\/uploads\/2020\/06\/new-year-3106847_1280-1536x416.jpg",1536,416,true],"2048x2048":["https:\/\/www.lugaris.com\/app\/uploads\/2020\/06\/new-year-3106847_1280.jpg",1920,520,false]},"uagb_author_info":{"display_name":"Roberto Bordi","author_link":"https:\/\/www.lugaris.com\/ca\/author\/rbb2-performance-es\/"},"uagb_comment_info":0,"uagb_excerpt":null,"_links":{"self":[{"href":"https:\/\/www.lugaris.com\/ca\/wp-json\/wp\/v2\/pages\/11744"}],"collection":[{"href":"https:\/\/www.lugaris.com\/ca\/wp-json\/wp\/v2\/pages"}],"about":[{"href":"https:\/\/www.lugaris.com\/ca\/wp-json\/wp\/v2\/types\/page"}],"author":[{"embeddable":true,"href":"https:\/\/www.lugaris.com\/ca\/wp-json\/wp\/v2\/users\/4"}],"replies":[{"embeddable":true,"href":"https:\/\/www.lugaris.com\/ca\/wp-json\/wp\/v2\/comments?post=11744"}],"version-history":[{"count":2,"href":"https:\/\/www.lugaris.com\/ca\/wp-json\/wp\/v2\/pages\/11744\/revisions"}],"predecessor-version":[{"id":11751,"href":"https:\/\/www.lugaris.com\/ca\/wp-json\/wp\/v2\/pages\/11744\/revisions\/11751"}],"wp:featuredmedia":[{"embeddable":true,"href":"https:\/\/www.lugaris.com\/ca\/wp-json\/wp\/v2\/media\/9898"}],"wp:attachment":[{"href":"https:\/\/www.lugaris.com\/ca\/wp-json\/wp\/v2\/media?parent=11744"}],"curies":[{"name":"wp","href":"https:\/\/api.w.org\/{rel}","templated":true}]}}