{"id":11232,"date":"2020-04-21T11:45:30","date_gmt":"2020-04-21T11:45:30","guid":{"rendered":"https:\/\/www.lugaris.com\/proteccion-de-datos\/"},"modified":"2024-03-19T15:05:25","modified_gmt":"2024-03-19T15:05:25","slug":"personenbezogene-daten","status":"publish","type":"page","link":"https:\/\/www.lugaris.com\/de\/personenbezogene-daten\/","title":{"rendered":"Verarbeitung personenbezogener daten"},"content":{"rendered":"\n<p class=\"\"><\/p>\n\n\n\n<h2 class=\"wp-block-heading\"><strong><strong>VERARBEITUNG PERSONENBEZOGENER DATEN<\/strong><\/strong><\/h2>\n\n\n\n<p class=\"\"><strong>LUGARIS APARTMENTS S L&nbsp;<\/strong>iist f\u00fcr die Verarbeitung der pers\u00f6nlichen Daten des Benutzers verantwortlich und informiert ihn dar\u00fcber, dass diese Daten in \u00dcbereinstimmung mit den geltenden Bestimmungen der Verordnung (EU) 2016\/679 vom 27. April 2016 (GDPR) und des Organisationsgesetzes (ES) 15\/1999 vom 13. Dezember (LOPD) verarbeitet werden, weshalb ihm die folgenden Verarbeitungsinformationen zur Verf\u00fcgung gestellt werden:<\/p>\n\n\n\n<p class=\"\"><strong>Zweck der Verarbeitung:<\/strong>&nbsp;Zur Aufrechterhaltung einer Gesch\u00e4ftsbeziehung und der Zusendung von Mitteilungen \u00fcber unsere Produkte und Dienstleistungen.<\/p>\n\n\n\n<p class=\"\"><strong>Kriterien f\u00fcr die Vorratsdatenspeicherung<\/strong>: Die Daten werden so lange aufbewahrt, wie ein gegenseitiges Interesse an der Aufrechterhaltung des Verarbeitungsprozesses besteht. Sollten sie zu diesem Zweck nicht mehr erforderlich sein, werden sie mit angemessenen Sicherheitsma\u00dfnahmen gel\u00f6scht, um die Pseudonymisierung oder die vollst\u00e4ndige Vernichtung der Daten zu garantieren.<\/p>\n\n\n\n<p class=\"\"><strong>Daten\u00fcbermittlung:<\/strong>&nbsp;Die Daten werden an niemanden \u00fcbermittelt.<\/p>\n\n\n\n<p class=\"\"><strong>Rechte des Benutzers:<\/strong><\/p>\n\n\n\n<ul class=\"\">\n<li class=\"\">Recht auf jederzeitigen Widerruf der Einwilligung.<\/li>\n\n\n\n<li class=\"\">Recht auf Zugang, Berichtigung und L\u00f6schung seiner Daten sowie die Einschr\u00e4nkung oder Ablehnung deren Verarbeitung.<\/li>\n\n\n\n<li class=\"\">Das Recht auf Beschwerde bei der Kontrollstelle (agpd.es), wenn er der Meinung ist, dass die Verarbeitung nicht den geltenden Gesetzen entspricht.<\/li>\n<\/ul>\n\n\n\n<p class=\"\"><strong>Kontaktinformationen zur Inanspruchnahme Ihrer Rechte:<\/strong><\/p>\n\n\n\n<p class=\"\">Postanschrift: LUGARIS APARTMENTS S L. C\/VIDAL Y VALENCIANO 14 08005 Barcelona (BARCELONA)<\/p>\n\n\n\n<p class=\"\">E-Mail: info@lugaris.com<\/p>\n\n\n\n<div class=\"wp-block-columns is-layout-flex wp-container-core-columns-layout-1 wp-block-columns-is-layout-flex\">\n<div class=\"wp-block-column is-layout-flow wp-block-column-is-layout-flow\">\n<a bb=\"link\" href=\"\/de\/faq\/\" class=\"wp-block-lugaris-round-button aligncenter round-button bg-blue\" rel=\"noopener noreferrer\"><img decoding=\"async\" bb=\"image\" bb-id=\"14307\" class=\"round-button__image\" src=\"https:\/\/www.lugaris.com\/app\/uploads\/2020\/09\/question-mark-1.png\" alt=\"\" title=\"question-mark-1\"\/><span bb=\"header\" class=\"round-button__content\">FAQ<\/span><\/a>\n\n\n\n<p class=\"\"><\/p>\n<\/div>\n\n\n\n<div class=\"wp-block-column is-layout-flow wp-block-column-is-layout-flow\">\n<a bb=\"link\" href=\"\/de\/personenbezogene-daten\/\" class=\"wp-block-lugaris-round-button aligncenter round-button bg-blue\" rel=\"noopener noreferrer\"><img decoding=\"async\" bb=\"image\" bb-id=\"14314\" class=\"round-button__image\" src=\"https:\/\/www.lugaris.com\/app\/uploads\/2020\/09\/database-protection.png\" alt=\"\" title=\"database-protection\"\/><span bb=\"header\" class=\"round-button__content\">PERSONENBEZOGENER DATEN<\/span><\/a>\n<\/div>\n\n\n\n<div class=\"wp-block-column is-layout-flow wp-block-column-is-layout-flow\">\n<a bb=\"link\" href=\"\/de\/cookies-richtlinie\/\" class=\"wp-block-lugaris-round-button aligncenter round-button bg-blue\" rel=\"noopener noreferrer\"><img decoding=\"async\" bb=\"image\" bb-id=\"14326\" class=\"round-button__image\" src=\"https:\/\/www.lugaris.com\/app\/uploads\/2020\/09\/cookie.svg\" alt=\"\" title=\"cookie\"\/><span bb=\"header\" class=\"round-button__content\">COOKIES<\/span><\/a>\n<\/div>\n\n\n\n<div class=\"wp-block-column is-layout-flow wp-block-column-is-layout-flow\">\n<a bb=\"link\" href=\"\/de\/allgemeine-geschaeftsbedingungen\/\" class=\"wp-block-lugaris-round-button aligncenter round-button bg-blue\" rel=\"noopener noreferrer\"><img decoding=\"async\" bb=\"image\" bb-id=\"14334\" class=\"round-button__image\" src=\"https:\/\/www.lugaris.com\/app\/uploads\/2020\/09\/terms-and-conditions-1.svg\" alt=\"\" title=\"terms-and-conditions (1)\"\/><span bb=\"header\" class=\"round-button__content\">ALLGEMEINE GESCH\u00c4FTSBEDINGUNGEN<\/span><\/a>\n<\/div>\n<\/div>\n\n\n\n<p class=\"\"><\/p>\n","protected":false},"excerpt":{"rendered":"<p>LUGARIS APARTMENTS S L ist f\u00fcr die Verarbeitung der pers\u00f6nlichen Daten des Benutzers verantwortlich und informiert ihn dar\u00fcber, dass diese Daten in \u00dcbereinstimmung mit den geltenden Bestimmungen der Verordnung (EU) 2016\/679 vom 27&#8230;<\/p>\n","protected":false},"author":4,"featured_media":9359,"parent":0,"menu_order":0,"comment_status":"closed","ping_status":"closed","template":"","meta":{"_uag_custom_page_level_css":"","footnotes":""},"yoast_head":"<!-- This site is optimized with the Yoast SEO plugin v23.1 - https:\/\/yoast.com\/wordpress\/plugins\/seo\/ -->\n<title>Datenschutz | Lugaris<\/title>\n<meta name=\"description\" content=\"Erfahre, wie wir deine Privatsph\u00e4re sch\u00fctzen und deine Daten sicher behandeln. Informiere dich \u00fcber unsere Datenschutzrichtlinien und genie\u00dfe einen sorgenfreien Aufenthalt!\" \/>\n<meta name=\"robots\" content=\"index, follow, max-snippet:-1, max-image-preview:large, max-video-preview:-1\" \/>\n<link rel=\"canonical\" href=\"https:\/\/www.lugaris.com\/de\/personenbezogene-daten\/\" \/>\n<meta property=\"og:locale\" content=\"de_DE\" \/>\n<meta property=\"og:type\" content=\"article\" \/>\n<meta property=\"og:title\" content=\"Datenschutz | Lugaris\" \/>\n<meta property=\"og:description\" content=\"Erfahre, wie wir deine Privatsph\u00e4re sch\u00fctzen und deine Daten sicher behandeln. Informiere dich \u00fcber unsere Datenschutzrichtlinien und genie\u00dfe einen sorgenfreien Aufenthalt!\" \/>\n<meta property=\"og:url\" content=\"https:\/\/www.lugaris.com\/de\/personenbezogene-daten\/\" \/>\n<meta property=\"og:site_name\" content=\"Lugaris\" \/>\n<meta property=\"article:modified_time\" content=\"2024-03-19T15:05:25+00:00\" \/>\n<meta property=\"og:image\" content=\"https:\/\/www.lugaris.com\/app\/uploads\/2020\/06\/spyware-2319403_1280.jpg\" \/>\n\t<meta property=\"og:image:width\" content=\"1280\" \/>\n\t<meta property=\"og:image:height\" content=\"853\" \/>\n\t<meta property=\"og:image:type\" content=\"image\/jpeg\" \/>\n<meta name=\"twitter:card\" content=\"summary_large_image\" \/>\n<meta name=\"twitter:label1\" content=\"Est. reading time\" \/>\n\t<meta name=\"twitter:data1\" content=\"2 minutes\" \/>\n<script type=\"application\/ld+json\" class=\"yoast-schema-graph\">{\"@context\":\"https:\/\/schema.org\",\"@graph\":[{\"@type\":\"WebPage\",\"@id\":\"https:\/\/www.lugaris.com\/de\/personenbezogene-daten\/\",\"url\":\"https:\/\/www.lugaris.com\/de\/personenbezogene-daten\/\",\"name\":\"Datenschutz | Lugaris\",\"isPartOf\":{\"@id\":\"https:\/\/www.lugaris.com\/de\/#website\"},\"primaryImageOfPage\":{\"@id\":\"https:\/\/www.lugaris.com\/de\/personenbezogene-daten\/#primaryimage\"},\"image\":{\"@id\":\"https:\/\/www.lugaris.com\/de\/personenbezogene-daten\/#primaryimage\"},\"thumbnailUrl\":\"https:\/\/www.lugaris.com\/app\/uploads\/2020\/06\/spyware-2319403_1280.jpg\",\"datePublished\":\"2020-04-21T11:45:30+00:00\",\"dateModified\":\"2024-03-19T15:05:25+00:00\",\"description\":\"Erfahre, wie wir deine Privatsph\u00e4re sch\u00fctzen und deine Daten sicher behandeln. Informiere dich \u00fcber unsere Datenschutzrichtlinien und genie\u00dfe einen sorgenfreien Aufenthalt!\",\"breadcrumb\":{\"@id\":\"https:\/\/www.lugaris.com\/de\/personenbezogene-daten\/#breadcrumb\"},\"inLanguage\":\"de-DE\",\"potentialAction\":[{\"@type\":\"ReadAction\",\"target\":[\"https:\/\/www.lugaris.com\/de\/personenbezogene-daten\/\"]}]},{\"@type\":\"ImageObject\",\"inLanguage\":\"de-DE\",\"@id\":\"https:\/\/www.lugaris.com\/de\/personenbezogene-daten\/#primaryimage\",\"url\":\"https:\/\/www.lugaris.com\/app\/uploads\/2020\/06\/spyware-2319403_1280.jpg\",\"contentUrl\":\"https:\/\/www.lugaris.com\/app\/uploads\/2020\/06\/spyware-2319403_1280.jpg\",\"width\":1280,\"height\":853},{\"@type\":\"BreadcrumbList\",\"@id\":\"https:\/\/www.lugaris.com\/de\/personenbezogene-daten\/#breadcrumb\",\"itemListElement\":[{\"@type\":\"ListItem\",\"position\":1,\"name\":\"Home\",\"item\":\"https:\/\/www.lugaris.com\/de\/\"},{\"@type\":\"ListItem\",\"position\":2,\"name\":\"Verarbeitung personenbezogener daten\"}]},{\"@type\":\"WebSite\",\"@id\":\"https:\/\/www.lugaris.com\/de\/#website\",\"url\":\"https:\/\/www.lugaris.com\/de\/\",\"name\":\"Lugaris\",\"description\":\"Apartamentos de vacaciones en Barcelona\",\"publisher\":{\"@id\":\"https:\/\/www.lugaris.com\/de\/#organization\"},\"potentialAction\":[{\"@type\":\"SearchAction\",\"target\":{\"@type\":\"EntryPoint\",\"urlTemplate\":\"https:\/\/www.lugaris.com\/de\/?s={search_term_string}\"},\"query-input\":\"required name=search_term_string\"}],\"inLanguage\":\"de-DE\"},{\"@type\":\"Organization\",\"@id\":\"https:\/\/www.lugaris.com\/de\/#organization\",\"name\":\"Lugaris Apartments in Barcelona\",\"url\":\"https:\/\/www.lugaris.com\/de\/\",\"logo\":{\"@type\":\"ImageObject\",\"inLanguage\":\"de-DE\",\"@id\":\"https:\/\/www.lugaris.com\/de\/#\/schema\/logo\/image\/\",\"url\":\"https:\/\/www.lugaris.com\/app\/uploads\/2020\/03\/Logo_lugaris_v2.png\",\"contentUrl\":\"https:\/\/www.lugaris.com\/app\/uploads\/2020\/03\/Logo_lugaris_v2.png\",\"width\":285,\"height\":257,\"caption\":\"Lugaris Apartments in Barcelona\"},\"image\":{\"@id\":\"https:\/\/www.lugaris.com\/de\/#\/schema\/logo\/image\/\"}}]}<\/script>\n<!-- \/ Yoast SEO plugin. -->","yoast_head_json":{"title":"Datenschutz | Lugaris","description":"Erfahre, wie wir deine Privatsph\u00e4re sch\u00fctzen und deine Daten sicher behandeln. Informiere dich \u00fcber unsere Datenschutzrichtlinien und genie\u00dfe einen sorgenfreien Aufenthalt!","robots":{"index":"index","follow":"follow","max-snippet":"max-snippet:-1","max-image-preview":"max-image-preview:large","max-video-preview":"max-video-preview:-1"},"canonical":"https:\/\/www.lugaris.com\/de\/personenbezogene-daten\/","og_locale":"de_DE","og_type":"article","og_title":"Datenschutz | Lugaris","og_description":"Erfahre, wie wir deine Privatsph\u00e4re sch\u00fctzen und deine Daten sicher behandeln. Informiere dich \u00fcber unsere Datenschutzrichtlinien und genie\u00dfe einen sorgenfreien Aufenthalt!","og_url":"https:\/\/www.lugaris.com\/de\/personenbezogene-daten\/","og_site_name":"Lugaris","article_modified_time":"2024-03-19T15:05:25+00:00","og_image":[{"width":1280,"height":853,"url":"https:\/\/www.lugaris.com\/app\/uploads\/2020\/06\/spyware-2319403_1280.jpg","type":"image\/jpeg"}],"twitter_card":"summary_large_image","twitter_misc":{"Est. reading time":"2 minutes"},"schema":{"@context":"https:\/\/schema.org","@graph":[{"@type":"WebPage","@id":"https:\/\/www.lugaris.com\/de\/personenbezogene-daten\/","url":"https:\/\/www.lugaris.com\/de\/personenbezogene-daten\/","name":"Datenschutz | Lugaris","isPartOf":{"@id":"https:\/\/www.lugaris.com\/de\/#website"},"primaryImageOfPage":{"@id":"https:\/\/www.lugaris.com\/de\/personenbezogene-daten\/#primaryimage"},"image":{"@id":"https:\/\/www.lugaris.com\/de\/personenbezogene-daten\/#primaryimage"},"thumbnailUrl":"https:\/\/www.lugaris.com\/app\/uploads\/2020\/06\/spyware-2319403_1280.jpg","datePublished":"2020-04-21T11:45:30+00:00","dateModified":"2024-03-19T15:05:25+00:00","description":"Erfahre, wie wir deine Privatsph\u00e4re sch\u00fctzen und deine Daten sicher behandeln. Informiere dich \u00fcber unsere Datenschutzrichtlinien und genie\u00dfe einen sorgenfreien Aufenthalt!","breadcrumb":{"@id":"https:\/\/www.lugaris.com\/de\/personenbezogene-daten\/#breadcrumb"},"inLanguage":"de-DE","potentialAction":[{"@type":"ReadAction","target":["https:\/\/www.lugaris.com\/de\/personenbezogene-daten\/"]}]},{"@type":"ImageObject","inLanguage":"de-DE","@id":"https:\/\/www.lugaris.com\/de\/personenbezogene-daten\/#primaryimage","url":"https:\/\/www.lugaris.com\/app\/uploads\/2020\/06\/spyware-2319403_1280.jpg","contentUrl":"https:\/\/www.lugaris.com\/app\/uploads\/2020\/06\/spyware-2319403_1280.jpg","width":1280,"height":853},{"@type":"BreadcrumbList","@id":"https:\/\/www.lugaris.com\/de\/personenbezogene-daten\/#breadcrumb","itemListElement":[{"@type":"ListItem","position":1,"name":"Home","item":"https:\/\/www.lugaris.com\/de\/"},{"@type":"ListItem","position":2,"name":"Verarbeitung personenbezogener daten"}]},{"@type":"WebSite","@id":"https:\/\/www.lugaris.com\/de\/#website","url":"https:\/\/www.lugaris.com\/de\/","name":"Lugaris","description":"Apartamentos de vacaciones en Barcelona","publisher":{"@id":"https:\/\/www.lugaris.com\/de\/#organization"},"potentialAction":[{"@type":"SearchAction","target":{"@type":"EntryPoint","urlTemplate":"https:\/\/www.lugaris.com\/de\/?s={search_term_string}"},"query-input":"required name=search_term_string"}],"inLanguage":"de-DE"},{"@type":"Organization","@id":"https:\/\/www.lugaris.com\/de\/#organization","name":"Lugaris Apartments in Barcelona","url":"https:\/\/www.lugaris.com\/de\/","logo":{"@type":"ImageObject","inLanguage":"de-DE","@id":"https:\/\/www.lugaris.com\/de\/#\/schema\/logo\/image\/","url":"https:\/\/www.lugaris.com\/app\/uploads\/2020\/03\/Logo_lugaris_v2.png","contentUrl":"https:\/\/www.lugaris.com\/app\/uploads\/2020\/03\/Logo_lugaris_v2.png","width":285,"height":257,"caption":"Lugaris Apartments in Barcelona"},"image":{"@id":"https:\/\/www.lugaris.com\/de\/#\/schema\/logo\/image\/"}}]}},"uagb_featured_image_src":{"full":["https:\/\/www.lugaris.com\/app\/uploads\/2020\/06\/spyware-2319403_1280.jpg",1280,853,false],"thumbnail":["https:\/\/www.lugaris.com\/app\/uploads\/2020\/06\/spyware-2319403_1280-150x150.jpg",150,150,true],"medium":["https:\/\/www.lugaris.com\/app\/uploads\/2020\/06\/spyware-2319403_1280-300x200.jpg",300,200,true],"medium_large":["https:\/\/www.lugaris.com\/app\/uploads\/2020\/06\/spyware-2319403_1280-768x512.jpg",768,512,true],"large":["https:\/\/www.lugaris.com\/app\/uploads\/2020\/06\/spyware-2319403_1280-1024x682.jpg",1024,682,true],"1536x1536":["https:\/\/www.lugaris.com\/app\/uploads\/2020\/06\/spyware-2319403_1280.jpg",1280,853,false],"2048x2048":["https:\/\/www.lugaris.com\/app\/uploads\/2020\/06\/spyware-2319403_1280.jpg",1280,853,false]},"uagb_author_info":{"display_name":"Roberto Bordi","author_link":"https:\/\/www.lugaris.com\/de\/author\/rbb2-performance-es\/"},"uagb_comment_info":0,"uagb_excerpt":"LUGARIS APARTMENTS S L ist f\u00fcr die Verarbeitung der pers\u00f6nlichen Daten des Benutzers verantwortlich und informiert ihn dar\u00fcber, dass diese Daten in \u00dcbereinstimmung mit den geltenden Bestimmungen der Verordnung (EU) 2016\/679 vom 27...","_links":{"self":[{"href":"https:\/\/www.lugaris.com\/de\/wp-json\/wp\/v2\/pages\/11232"}],"collection":[{"href":"https:\/\/www.lugaris.com\/de\/wp-json\/wp\/v2\/pages"}],"about":[{"href":"https:\/\/www.lugaris.com\/de\/wp-json\/wp\/v2\/types\/page"}],"author":[{"embeddable":true,"href":"https:\/\/www.lugaris.com\/de\/wp-json\/wp\/v2\/users\/4"}],"replies":[{"embeddable":true,"href":"https:\/\/www.lugaris.com\/de\/wp-json\/wp\/v2\/comments?post=11232"}],"version-history":[{"count":8,"href":"https:\/\/www.lugaris.com\/de\/wp-json\/wp\/v2\/pages\/11232\/revisions"}],"predecessor-version":[{"id":22792,"href":"https:\/\/www.lugaris.com\/de\/wp-json\/wp\/v2\/pages\/11232\/revisions\/22792"}],"wp:featuredmedia":[{"embeddable":true,"href":"https:\/\/www.lugaris.com\/de\/wp-json\/wp\/v2\/media\/9359"}],"wp:attachment":[{"href":"https:\/\/www.lugaris.com\/de\/wp-json\/wp\/v2\/media?parent=11232"}],"curies":[{"name":"wp","href":"https:\/\/api.w.org\/{rel}","templated":true}]}}