{"id":11534,"date":"2020-04-21T16:38:09","date_gmt":"2020-04-21T16:38:09","guid":{"rendered":"https:\/\/www.lugaris.com\/lugaris-covid-19\/"},"modified":"2024-03-20T08:45:37","modified_gmt":"2024-03-20T08:45:37","slug":"covid-19-lugaris","status":"publish","type":"page","link":"https:\/\/www.lugaris.com\/de\/covid-19-lugaris\/","title":{"rendered":"SICHERHEITS HYGIENEMASSNAHMEN GEGEN COVID-19"},"content":{"rendered":"\n<div class=\"wp-block-group has-yellow-background-color has-background container p-sm is-layout-flow wp-block-group-is-layout-flow\">\n<h1 class=\"wp-block-heading has-text-align-center\"><strong>Sicherheits und Hygienema\u00dfnahmen gegen COVID-19<\/strong><\/h1>\n<\/div>\n\n\n\n<p class=\"\">In den Lugaris Apartments arbeiten wir Tag f\u00fcr Tag daran, unsere T\u00fcren gem\u00e4\u00df den Vorschriften des Ministeriums f\u00fcr Gesundheit, Verbrauch und Soziales und des Ministeriums f\u00fcr Industrie, Handel und Tourismus zu \u00f6ffnen und unseren G\u00e4sten ein sicheres Erlebnis und den Komfort zu bieten, den Sie bei uns gewohnt sind.<\/p>\n\n\n\n<p class=\"\">Aus diesem Grund haben wir unsere&nbsp;<strong>Reservierungs-, Aufenthalts- und Stornierungsrichtlinien \u00fcberarbeitet,<\/strong>&nbsp;um sie an die aktuelle Situation anzupassen, die sich aus dem COVID-19-Ausbruch ergibt. Wir haben auch die Einstellungsm\u00f6glichkeiten flexibler gestaltet, um Ihre Ruhe und Ihren Komfort jederzeit zu gew\u00e4hrleisten.<\/p>\n\n\n\n<p class=\"\">Bei Ihrem Besuch m\u00fcssen Sie bitte die folgenden Angaben ber\u00fccksichtigen.<\/p>\n\n\n\n<div class=\"wp-block-group has-yellow-background-color has-background container p-sm is-layout-flow wp-block-group-is-layout-flow\">\n<h2 class=\"wp-block-heading has-text-align-center\">Machen Sie einen PCR- oder Antigentest bei Lugaris<\/h2>\n<\/div>\n\n\n\n<p class=\"\">Damit Sie bequem und sicher wieder nach Hause zur\u00fcckkehren k\u00f6nnen, haben wir bei Lugaris eine Vereinbarung mit dem renommierten Krankenhaus HM Delfos getroffen, damit Sie einen PCR- oder Antigentest in Ihrem Lugaris-Appartment machen k\u00f6nnen. Falls Sie m\u00f6chten, k\u00f6nnen Sie den Test aber auch in der Klinik durchf\u00fchren lassen. <\/p>\n\n\n\n<p class=\"\">In diesem Fall buchen wir gerne einen Termin f\u00fcr Sie.&nbsp;Was immer Sie bevorzugen,&nbsp;<a rel=\"noreferrer noopener\" href=\"https:\/\/www.lugaris.com\/de\/kontakt\/\" target=\"_blank\">buchen Sie einfach einen Termin<\/a>&nbsp;f\u00fcr Ihren PCR- oder Antigentest.<\/p>\n\n\n\n<div class=\"wp-block-group has-yellow-background-color has-background container p-sm is-layout-flow wp-block-group-is-layout-flow\">\n<h2 class=\"wp-block-heading has-text-align-center\">\u00c4nderungen in den Reservierungsdaten unserer Apartments<\/h2>\n<\/div>\n\n\n\n<p class=\"container\">\u2022&nbsp;<strong><strong><strong><strong><strong>Beschr\u00e4nkungen der Regierung<\/strong><\/strong><\/strong><\/strong><\/strong>. W\u00e4hrend der von der spanischen Regierung verordnete Alarmzustand in Kraft ist, werden wir die von den zust\u00e4ndigen Beh\u00f6rden festgelegten rechtlichen Rahmenbedingungen einhalten, um unsere T\u00e4tigkeit auszuf\u00fchren.<br>\u2022&nbsp;<strong><strong><strong><strong><strong>Bestehende Reservierungen<\/strong><\/strong><\/strong><\/strong><\/strong>. Wenn sich Ihre Reservierung mit dem Alarmzustand \u00fcberschneidet und die Schlie\u00dfung unserer Hotels in Barcelona auf beh\u00f6rdliche Anordnung noch in Kraft ist, wenden Sie sich bitte an Ihren Reiseveranstalter oder Ihr Reiseb\u00fcro. Wenn Sie \u00fcber unsere Website gebucht haben, wenden Sie sich bitte an unser Kundenservice-Team (info@lugaris.com). Wir helfen Ihnen, Ihre Reservierung zu \u00e4ndern, solange die \u00c4nderung bis 24 Stunden vor dem Anreisedatum erfolgt.<br><br>\u2022&nbsp;<strong><strong><strong><strong><strong>Neue Reservierungen<\/strong><\/strong><\/strong><\/strong><\/strong>. Alle neuen Reservierungen, auch wenn diese als nicht erstattungsf\u00e4hig bezeichnet werden, werden von unserem Team genau verfolgt. Regelm\u00e4\u00dfig \u00e4ndern sich die Richtlinien der Regierung, sodass Ihre Reservierung beeintr\u00e4chtigt werden kann. Weitere Informationen finden Sie im folgenden Abschnitt mit h\u00e4ufig gestellten Fragen (FAQ).<\/p>\n\n\n\n<div class=\"wp-block-group has-yellow-background-color has-background container p-sm is-layout-flow wp-block-group-is-layout-flow\">\n<h2 class=\"wp-block-heading has-text-align-center\">H\u00e4ufig gestellte Fragen (FAQ) zu unseren Sicherheitsma\u00dfnahmen<\/h2>\n<\/div>\n\n\n\n<div class=\"wp-block-group container is-layout-flow wp-block-group-is-layout-flow\">\n<div class=\"wp-block-group is-layout-flow wp-block-group-is-layout-flow\">\n<h3 class=\"wp-block-heading\"><strong>Welche Ma\u00dfnahmen werden an der Rezeption der Wohnungen angewendet?<\/strong><\/h3>\n\n\n\n<p class=\"\">An unserer Rezeption finden Sie den empfohlenen Sicherheitsabstand (2 m) am Boden markiert. Wir haben auch einen&nbsp;<strong>hydroalkoholischen Gelspender<\/strong>, der jeden Morgen vor Beginn des Arbeitstages desinfiziert wird. W\u00e4hrend der Kundendienstzeiten werden der Boden, die Theken und andere Gegenst\u00e4nde gem\u00e4\u00df den Anweisungen des Ministers desinfiziert. Die G\u00e4stetoilette wird w\u00e4hrend der \u00d6ffnungszeiten der Rezeption sechsmal desinfiziert. Unser Team verf\u00fcgt \u00fcber&nbsp;<strong>eine individuelle Schutzausr\u00fcstung (PSA)<\/strong>, die erforderlich ist, um die G\u00e4ste sicher und professionell zu bedienen. Dar\u00fcber hinaus haben unsere Mitarbeiter eine Schulung zur Risikopr\u00e4vention gegen COVID-19 erhalten, die es ihnen erm\u00f6glicht,&nbsp;<strong>Sie herzlich willkommen zu hei\u00dfen und Ihre Fragen sicher und mit der gewohnten Freundlichkeit zu beantworten<\/strong>.&nbsp;<\/p>\n\n\n\n<p class=\"\">Aufgrund von COVID-19 k\u00f6nnen die \u00d6ffnungszeiten und der Betrieb unserer Rezeption je nach Check-in-Aktivit\u00e4t ge\u00e4ndert werden. Aus diesem Grund&nbsp;<strong>bitten wir unsere G\u00e4ste, ihre Ankunftszeit anzugeben, um Ihnen die h\u00f6chste Servicequalit\u00e4t zu bieten<\/strong>.&nbsp;Wir sind auch weiterhin unbeschr\u00e4nkt f\u00fcr Sie da und telefonisch unter der Bereitschaftstelefonnummer 648784702 zu erreiche.<\/p>\n<\/div>\n\n\n\n<h3 class=\"wp-block-heading pb-0\"><strong>Welche anderen Vorsichtsma\u00dfnahmen wurden in den Wohnungen getroffen?<\/strong><\/h3>\n\n\n\n<p class=\"pb-sm\">In den Lugaris Apartments steht die Sicherheit unserer G\u00e4ste und Fachleute an erster Stelle. Aus diesem Grund wenden wir ein umfassendes Sicherheitsprotokoll an, bei dem Desinfektionsmittel verwendet werden, die vom Ministerium f\u00fcr Gesundheit, Verbrauch und Soziales zugelassen sind, und unser Engagement f\u00fcr die Umwelt ber\u00fccksichtigen.&nbsp;<strong>Als Sicherheitsma\u00dfnahme vergehen zwischen der Abreise eines Gastes und dem n\u00e4chsten drei Tage<\/strong>, und je nach Verf\u00fcgbarkeit bringen wir die G\u00e4ste auf verschiedenen Etagen unserer drei Geb\u00e4ude unter (die in Lugaris Beach und die beiden in Lugaris Rambla), damit sie sich nach M\u00f6glichkeit nicht begegnen.<\/p>\n\n\n\n<h3 class=\"wp-block-heading\"><strong>Und in den \u00f6ffentlichen Bereichen?<\/strong><\/h3>\n\n\n\n<p class=\"pb-sm\">In den \u00f6ffentlichen Bereichen der Lugaris Apartments gelten die von staatlichen Stellen festgelegten Hygienestandards. Jeder Zugang hat einen hydroalkoholischen Gelspender.&nbsp;<strong>Die Aufz\u00fcge, die T\u00fcrgriffe und die Treppenstufen werden alle zwei Stunden desinfiziert.<\/strong><\/p>\n\n\n\n<h3 class=\"wp-block-heading\"><strong>Ist die Kundenbetreuung sicher?<\/strong><\/h3>\n\n\n\n<p class=\"pb-sm\">Ja. Unser Empfangsteam verf\u00fcgt \u00fcber&nbsp;<strong>die erforderliche pers\u00f6nliche Schutzausr\u00fcstung (PSA)<\/strong>. Auf der anderen Seite zeigt der Boden der Rezeption den Abstand von 2 m an, der zwischen den G\u00e4sten eingehalten werden muss. In Anbetracht der Kunden, die keinen pers\u00f6nlichen Kontakt m\u00f6chten, haben&nbsp;<strong>wir zus\u00e4tzlich einen WhatsApp-Kanal und einen WeChat-Kanal<\/strong>, um Fragen oder Zweifel zu beantworten.<\/p>\n\n\n\n<h3 class=\"wp-block-heading\"><strong>Sollte eine Maske in \u00f6ffentlichen Bereichen verwendet werden?<\/strong><\/h3>\n\n\n\n<p class=\"\">Die Verwendung einer Maske ist in der ganzen Stadt mit Ausnahme der Wohnung obligatorisch. Dies schlie\u00dft die \u00f6ffentlichen Bereiche und jeden anderen Bereich mit ein, unabh\u00e4ngig davon, ob die 2 Meter soziale Distanz eingehalten werden k\u00f6nnen oder nicht.<\/p>\n\n\n\n<h3 class=\"wp-block-heading\"><strong>K\u00f6nen sie den Pool der apartments nutzen?<\/strong><\/h3>\n\n\n\n<p class=\"\">Der Pool ist f\u00fcr G\u00e4ste des Lugaris Beach ge\u00f6ffnet. Benutzer des Pools und der Terrasse m\u00fcssen sich an die Bestimmungen halten, die in den Eing\u00e4ngen dazu ausgelegt sind.<\/p>\n\n\n\n<h3 class=\"wp-block-heading\"><strong>Was sollte ich tun, wenn ich w\u00e4hrend meines Aufenthalts Symptome habe?<\/strong><\/h3>\n\n\n\n<p class=\"\">Sollte der Gast w\u00e4hrend seines Aufenthalts in unseren Appartements Symptome haben, so sollte er dies der Rezeption mitteilen.Die Rezeption wird den Gast \u00fcber das weitere Vorgehen informieren, das gem\u00e4\u00df den geltenden Vorschriften und Gesetzen einzuhalten sind.<\/p>\n\n\n\n<p class=\"\"><\/p>\n<\/div>\n\n\n\n<p class=\"\"><\/p>\n\n\n\n<p class=\"\"><\/p>\n","protected":false},"excerpt":{"rendered":"<p>Sicherheits und Hygienema\u00dfnahmen gegen COVID-19 In den Lugaris Apartments arbeiten wir Tag f\u00fcr Tag daran, unsere T\u00fcren gem\u00e4\u00df den Vorschriften des Ministeriums f\u00fcr Gesundheit, Verbrauch und Soziales und des Ministeriums f\u00fcr Industrie, Handel und Tourismus &hellip;<\/p>\n","protected":false},"author":4,"featured_media":10416,"parent":0,"menu_order":0,"comment_status":"closed","ping_status":"closed","template":"","meta":{"_uag_custom_page_level_css":"","footnotes":""},"yoast_head":"<!-- This site is optimized with the Yoast SEO plugin v23.1 - https:\/\/yoast.com\/wordpress\/plugins\/seo\/ -->\n<title>Sicherheitsma\u00dfnahmen gegen COVID-19 bei Lugaris<\/title>\n<meta name=\"description\" content=\"Erfahre mehr \u00fcber unsere Sicherheitsma\u00dfnahmen gegen COVID-19 und genie\u00dfe einen sicheren Aufenthalt bei uns! \ud83e\udda0\ud83d\udee1\ufe0f Jetzt informieren!\" \/>\n<meta name=\"robots\" content=\"index, follow, max-snippet:-1, max-image-preview:large, max-video-preview:-1\" \/>\n<link rel=\"canonical\" href=\"https:\/\/www.lugaris.com\/de\/covid-19-lugaris\/\" \/>\n<meta property=\"og:locale\" content=\"de_DE\" \/>\n<meta property=\"og:type\" content=\"article\" \/>\n<meta property=\"og:title\" content=\"Sicherheitsma\u00dfnahmen gegen COVID-19 bei Lugaris\" \/>\n<meta property=\"og:description\" content=\"Erfahre mehr \u00fcber unsere Sicherheitsma\u00dfnahmen gegen COVID-19 und genie\u00dfe einen sicheren Aufenthalt bei uns! \ud83e\udda0\ud83d\udee1\ufe0f Jetzt informieren!\" \/>\n<meta property=\"og:url\" content=\"https:\/\/www.lugaris.com\/de\/covid-19-lugaris\/\" \/>\n<meta property=\"og:site_name\" content=\"Lugaris\" \/>\n<meta property=\"article:modified_time\" content=\"2024-03-20T08:45:37+00:00\" \/>\n<meta property=\"og:image\" content=\"https:\/\/www.lugaris.com\/app\/uploads\/2020\/07\/covid.jpg\" \/>\n\t<meta property=\"og:image:width\" content=\"600\" \/>\n\t<meta property=\"og:image:height\" content=\"600\" \/>\n\t<meta property=\"og:image:type\" content=\"image\/jpeg\" \/>\n<meta name=\"twitter:card\" content=\"summary_large_image\" \/>\n<meta name=\"twitter:label1\" content=\"Est. reading time\" \/>\n\t<meta name=\"twitter:data1\" content=\"4 minutes\" \/>\n<script type=\"application\/ld+json\" class=\"yoast-schema-graph\">{\"@context\":\"https:\/\/schema.org\",\"@graph\":[{\"@type\":\"WebPage\",\"@id\":\"https:\/\/www.lugaris.com\/de\/covid-19-lugaris\/\",\"url\":\"https:\/\/www.lugaris.com\/de\/covid-19-lugaris\/\",\"name\":\"Sicherheitsma\u00dfnahmen gegen COVID-19 bei Lugaris\",\"isPartOf\":{\"@id\":\"https:\/\/www.lugaris.com\/de\/#website\"},\"primaryImageOfPage\":{\"@id\":\"https:\/\/www.lugaris.com\/de\/covid-19-lugaris\/#primaryimage\"},\"image\":{\"@id\":\"https:\/\/www.lugaris.com\/de\/covid-19-lugaris\/#primaryimage\"},\"thumbnailUrl\":\"https:\/\/www.lugaris.com\/app\/uploads\/2020\/07\/covid.jpg\",\"datePublished\":\"2020-04-21T16:38:09+00:00\",\"dateModified\":\"2024-03-20T08:45:37+00:00\",\"description\":\"Erfahre mehr \u00fcber unsere Sicherheitsma\u00dfnahmen gegen COVID-19 und genie\u00dfe einen sicheren Aufenthalt bei uns! \ud83e\udda0\ud83d\udee1\ufe0f Jetzt informieren!\",\"breadcrumb\":{\"@id\":\"https:\/\/www.lugaris.com\/de\/covid-19-lugaris\/#breadcrumb\"},\"inLanguage\":\"de-DE\",\"potentialAction\":[{\"@type\":\"ReadAction\",\"target\":[\"https:\/\/www.lugaris.com\/de\/covid-19-lugaris\/\"]}]},{\"@type\":\"ImageObject\",\"inLanguage\":\"de-DE\",\"@id\":\"https:\/\/www.lugaris.com\/de\/covid-19-lugaris\/#primaryimage\",\"url\":\"https:\/\/www.lugaris.com\/app\/uploads\/2020\/07\/covid.jpg\",\"contentUrl\":\"https:\/\/www.lugaris.com\/app\/uploads\/2020\/07\/covid.jpg\",\"width\":600,\"height\":600},{\"@type\":\"BreadcrumbList\",\"@id\":\"https:\/\/www.lugaris.com\/de\/covid-19-lugaris\/#breadcrumb\",\"itemListElement\":[{\"@type\":\"ListItem\",\"position\":1,\"name\":\"Home\",\"item\":\"https:\/\/www.lugaris.com\/de\/\"},{\"@type\":\"ListItem\",\"position\":2,\"name\":\"SICHERHEITS HYGIENEMASSNAHMEN GEGEN COVID-19\"}]},{\"@type\":\"WebSite\",\"@id\":\"https:\/\/www.lugaris.com\/de\/#website\",\"url\":\"https:\/\/www.lugaris.com\/de\/\",\"name\":\"Lugaris\",\"description\":\"Apartamentos de vacaciones en Barcelona\",\"publisher\":{\"@id\":\"https:\/\/www.lugaris.com\/de\/#organization\"},\"potentialAction\":[{\"@type\":\"SearchAction\",\"target\":{\"@type\":\"EntryPoint\",\"urlTemplate\":\"https:\/\/www.lugaris.com\/de\/?s={search_term_string}\"},\"query-input\":\"required name=search_term_string\"}],\"inLanguage\":\"de-DE\"},{\"@type\":\"Organization\",\"@id\":\"https:\/\/www.lugaris.com\/de\/#organization\",\"name\":\"Lugaris Apartments in Barcelona\",\"url\":\"https:\/\/www.lugaris.com\/de\/\",\"logo\":{\"@type\":\"ImageObject\",\"inLanguage\":\"de-DE\",\"@id\":\"https:\/\/www.lugaris.com\/de\/#\/schema\/logo\/image\/\",\"url\":\"https:\/\/www.lugaris.com\/app\/uploads\/2020\/03\/Logo_lugaris_v2.png\",\"contentUrl\":\"https:\/\/www.lugaris.com\/app\/uploads\/2020\/03\/Logo_lugaris_v2.png\",\"width\":285,\"height\":257,\"caption\":\"Lugaris Apartments in Barcelona\"},\"image\":{\"@id\":\"https:\/\/www.lugaris.com\/de\/#\/schema\/logo\/image\/\"}}]}<\/script>\n<!-- \/ Yoast SEO plugin. -->","yoast_head_json":{"title":"Sicherheitsma\u00dfnahmen gegen COVID-19 bei Lugaris","description":"Erfahre mehr \u00fcber unsere Sicherheitsma\u00dfnahmen gegen COVID-19 und genie\u00dfe einen sicheren Aufenthalt bei uns! \ud83e\udda0\ud83d\udee1\ufe0f Jetzt informieren!","robots":{"index":"index","follow":"follow","max-snippet":"max-snippet:-1","max-image-preview":"max-image-preview:large","max-video-preview":"max-video-preview:-1"},"canonical":"https:\/\/www.lugaris.com\/de\/covid-19-lugaris\/","og_locale":"de_DE","og_type":"article","og_title":"Sicherheitsma\u00dfnahmen gegen COVID-19 bei Lugaris","og_description":"Erfahre mehr \u00fcber unsere Sicherheitsma\u00dfnahmen gegen COVID-19 und genie\u00dfe einen sicheren Aufenthalt bei uns! \ud83e\udda0\ud83d\udee1\ufe0f Jetzt informieren!","og_url":"https:\/\/www.lugaris.com\/de\/covid-19-lugaris\/","og_site_name":"Lugaris","article_modified_time":"2024-03-20T08:45:37+00:00","og_image":[{"width":600,"height":600,"url":"https:\/\/www.lugaris.com\/app\/uploads\/2020\/07\/covid.jpg","type":"image\/jpeg"}],"twitter_card":"summary_large_image","twitter_misc":{"Est. reading time":"4 minutes"},"schema":{"@context":"https:\/\/schema.org","@graph":[{"@type":"WebPage","@id":"https:\/\/www.lugaris.com\/de\/covid-19-lugaris\/","url":"https:\/\/www.lugaris.com\/de\/covid-19-lugaris\/","name":"Sicherheitsma\u00dfnahmen gegen COVID-19 bei Lugaris","isPartOf":{"@id":"https:\/\/www.lugaris.com\/de\/#website"},"primaryImageOfPage":{"@id":"https:\/\/www.lugaris.com\/de\/covid-19-lugaris\/#primaryimage"},"image":{"@id":"https:\/\/www.lugaris.com\/de\/covid-19-lugaris\/#primaryimage"},"thumbnailUrl":"https:\/\/www.lugaris.com\/app\/uploads\/2020\/07\/covid.jpg","datePublished":"2020-04-21T16:38:09+00:00","dateModified":"2024-03-20T08:45:37+00:00","description":"Erfahre mehr \u00fcber unsere Sicherheitsma\u00dfnahmen gegen COVID-19 und genie\u00dfe einen sicheren Aufenthalt bei uns! \ud83e\udda0\ud83d\udee1\ufe0f Jetzt informieren!","breadcrumb":{"@id":"https:\/\/www.lugaris.com\/de\/covid-19-lugaris\/#breadcrumb"},"inLanguage":"de-DE","potentialAction":[{"@type":"ReadAction","target":["https:\/\/www.lugaris.com\/de\/covid-19-lugaris\/"]}]},{"@type":"ImageObject","inLanguage":"de-DE","@id":"https:\/\/www.lugaris.com\/de\/covid-19-lugaris\/#primaryimage","url":"https:\/\/www.lugaris.com\/app\/uploads\/2020\/07\/covid.jpg","contentUrl":"https:\/\/www.lugaris.com\/app\/uploads\/2020\/07\/covid.jpg","width":600,"height":600},{"@type":"BreadcrumbList","@id":"https:\/\/www.lugaris.com\/de\/covid-19-lugaris\/#breadcrumb","itemListElement":[{"@type":"ListItem","position":1,"name":"Home","item":"https:\/\/www.lugaris.com\/de\/"},{"@type":"ListItem","position":2,"name":"SICHERHEITS HYGIENEMASSNAHMEN GEGEN COVID-19"}]},{"@type":"WebSite","@id":"https:\/\/www.lugaris.com\/de\/#website","url":"https:\/\/www.lugaris.com\/de\/","name":"Lugaris","description":"Apartamentos de vacaciones en Barcelona","publisher":{"@id":"https:\/\/www.lugaris.com\/de\/#organization"},"potentialAction":[{"@type":"SearchAction","target":{"@type":"EntryPoint","urlTemplate":"https:\/\/www.lugaris.com\/de\/?s={search_term_string}"},"query-input":"required name=search_term_string"}],"inLanguage":"de-DE"},{"@type":"Organization","@id":"https:\/\/www.lugaris.com\/de\/#organization","name":"Lugaris Apartments in Barcelona","url":"https:\/\/www.lugaris.com\/de\/","logo":{"@type":"ImageObject","inLanguage":"de-DE","@id":"https:\/\/www.lugaris.com\/de\/#\/schema\/logo\/image\/","url":"https:\/\/www.lugaris.com\/app\/uploads\/2020\/03\/Logo_lugaris_v2.png","contentUrl":"https:\/\/www.lugaris.com\/app\/uploads\/2020\/03\/Logo_lugaris_v2.png","width":285,"height":257,"caption":"Lugaris Apartments in Barcelona"},"image":{"@id":"https:\/\/www.lugaris.com\/de\/#\/schema\/logo\/image\/"}}]}},"uagb_featured_image_src":{"full":["https:\/\/www.lugaris.com\/app\/uploads\/2020\/07\/covid.jpg",600,600,false],"thumbnail":["https:\/\/www.lugaris.com\/app\/uploads\/2020\/07\/covid-150x150.jpg",150,150,true],"medium":["https:\/\/www.lugaris.com\/app\/uploads\/2020\/07\/covid-300x300.jpg",300,300,true],"medium_large":["https:\/\/www.lugaris.com\/app\/uploads\/2020\/07\/covid.jpg",600,600,false],"large":["https:\/\/www.lugaris.com\/app\/uploads\/2020\/07\/covid.jpg",600,600,false],"1536x1536":["https:\/\/www.lugaris.com\/app\/uploads\/2020\/07\/covid.jpg",600,600,false],"2048x2048":["https:\/\/www.lugaris.com\/app\/uploads\/2020\/07\/covid.jpg",600,600,false]},"uagb_author_info":{"display_name":"Roberto Bordi","author_link":"https:\/\/www.lugaris.com\/de\/author\/rbb2-performance-es\/"},"uagb_comment_info":0,"uagb_excerpt":"Sicherheits und Hygienema\u00dfnahmen gegen COVID-19 In den Lugaris Apartments arbeiten wir Tag f\u00fcr Tag daran, unsere T\u00fcren gem\u00e4\u00df den Vorschriften des Ministeriums f\u00fcr Gesundheit, Verbrauch und Soziales und des Ministeriums f\u00fcr Industrie, Handel und Tourismus &hellip;","_links":{"self":[{"href":"https:\/\/www.lugaris.com\/de\/wp-json\/wp\/v2\/pages\/11534"}],"collection":[{"href":"https:\/\/www.lugaris.com\/de\/wp-json\/wp\/v2\/pages"}],"about":[{"href":"https:\/\/www.lugaris.com\/de\/wp-json\/wp\/v2\/types\/page"}],"author":[{"embeddable":true,"href":"https:\/\/www.lugaris.com\/de\/wp-json\/wp\/v2\/users\/4"}],"replies":[{"embeddable":true,"href":"https:\/\/www.lugaris.com\/de\/wp-json\/wp\/v2\/comments?post=11534"}],"version-history":[{"count":5,"href":"https:\/\/www.lugaris.com\/de\/wp-json\/wp\/v2\/pages\/11534\/revisions"}],"predecessor-version":[{"id":22806,"href":"https:\/\/www.lugaris.com\/de\/wp-json\/wp\/v2\/pages\/11534\/revisions\/22806"}],"wp:featuredmedia":[{"embeddable":true,"href":"https:\/\/www.lugaris.com\/de\/wp-json\/wp\/v2\/media\/10416"}],"wp:attachment":[{"href":"https:\/\/www.lugaris.com\/de\/wp-json\/wp\/v2\/media?parent=11534"}],"curies":[{"name":"wp","href":"https:\/\/api.w.org\/{rel}","templated":true}]}}