{"id":19313,"date":"2023-04-24T14:06:06","date_gmt":"2023-04-24T14:06:06","guid":{"rendered":"https:\/\/www.lugaris.com\/trabaja-con-nosotros\/"},"modified":"2024-03-19T15:03:58","modified_gmt":"2024-03-19T15:03:58","slug":"arbeite-mit-uns","status":"publish","type":"page","link":"https:\/\/www.lugaris.com\/de\/arbeite-mit-uns\/","title":{"rendered":"ARBEITE MIT UNS"},"content":{"rendered":"\n<div class=\"wp-block-columns is-layout-flex wp-container-core-columns-layout-1 wp-block-columns-is-layout-flex\">\n<div class=\"wp-block-column is-layout-flow wp-block-column-is-layout-flow\" style=\"flex-basis:33.33%\">\n<div style=\"height:100px\" aria-hidden=\"true\" class=\"wp-block-spacer\"><\/div>\n\n\n\n<h2 class=\"wp-block-heading\">M\u00f6chtest du Teil des Lugaris-Teams werden?<\/h2>\n\n\n\n<p class=\"\">Wir freuen uns, dass du dich dem Lugaris-Team anschlie\u00dfen m\u00f6chtest! Denn dies bedeutet, Tag f\u00fcr Tag zu wachsen und unseren G\u00e4sten den bestm\u00f6glichen Service zu bieten.<\/p>\n\n\n\n<p class=\"\">F\u00fclle dazu bitte das Formular mit deinen Angaben aus und in K\u00fcrze schon werden wir uns kennenlernen! Wir freuen uns auf dich!<\/p>\n<\/div>\n\n\n\n<div class=\"wp-block-column is-layout-flow wp-block-column-is-layout-flow\" style=\"flex-basis:66.66%\">\n<div class=\"wp-block-contact-form-7-contact-form-selector\">\n<div class=\"wpcf7 no-js\" id=\"wpcf7-f19315-o1\" lang=\"es-ES\" dir=\"ltr\">\n<div class=\"screen-reader-response\"><p role=\"status\" aria-live=\"polite\" aria-atomic=\"true\"><\/p> <ul><\/ul><\/div>\n<form action=\"\/de\/wp-json\/wp\/v2\/pages\/19313#wpcf7-f19315-o1\" method=\"post\" class=\"wpcf7-form init\" aria-label=\"Contact form\" enctype=\"multipart\/form-data\" novalidate=\"novalidate\" data-status=\"init\">\n<div style=\"display: none;\">\n<input type=\"hidden\" name=\"_wpcf7\" value=\"19315\" \/>\n<input type=\"hidden\" name=\"_wpcf7_version\" value=\"5.9.3\" \/>\n<input type=\"hidden\" name=\"_wpcf7_locale\" value=\"es_ES\" \/>\n<input type=\"hidden\" name=\"_wpcf7_unit_tag\" value=\"wpcf7-f19315-o1\" \/>\n<input type=\"hidden\" name=\"_wpcf7_container_post\" value=\"0\" \/>\n<input type=\"hidden\" name=\"_wpcf7_posted_data_hash\" value=\"\" \/>\n<input type=\"hidden\" name=\"_wpcf7_recaptcha_response\" value=\"\" \/>\n<\/div>\n<p><label> Name (erforderlich)<br \/>\n<span class=\"wpcf7-form-control-wrap\" data-name=\"your-name\"><input size=\"40\" class=\"wpcf7-form-control wpcf7-text wpcf7-validates-as-required\" aria-required=\"true\" aria-invalid=\"false\" value=\"\" type=\"text\" name=\"your-name\" \/><\/span> <\/label>\n<\/p>\n<p><label> E-Mail-Adresse (erforderlich)<br \/>\n<span class=\"wpcf7-form-control-wrap\" data-name=\"your-email\"><input size=\"40\" class=\"wpcf7-form-control wpcf7-email wpcf7-validates-as-required wpcf7-text wpcf7-validates-as-email\" aria-required=\"true\" aria-invalid=\"false\" value=\"\" type=\"email\" name=\"your-email\" \/><\/span> <\/label>\n<\/p>\n<p><label> Stelle<br \/>\n<span class=\"wpcf7-form-control-wrap\" data-name=\"your-subject\"><input size=\"40\" class=\"wpcf7-form-control wpcf7-text\" aria-invalid=\"false\" value=\"\" type=\"text\" name=\"your-subject\" \/><\/span> <\/label>\n<\/p>\n<p><label> Beschreibe deine Erfahrung<br \/>\n<span class=\"wpcf7-form-control-wrap\" data-name=\"your-message\"><textarea cols=\"40\" rows=\"10\" class=\"wpcf7-form-control wpcf7-textarea\" aria-invalid=\"false\" name=\"your-message\"><\/textarea><\/span> <\/label>\n<\/p>\n<p><label>Lebenslauf hinzuf\u00fcgen<br \/>\n<span class=\"wpcf7-form-control-wrap\" data-name=\"AadirCV\"><input size=\"40\" class=\"wpcf7-form-control wpcf7-file wpcf7-validates-as-required\" accept=\"audio\/*,video\/*,image\/*\" aria-required=\"true\" aria-invalid=\"false\" type=\"file\" name=\"AadirCV\" \/><\/span><\/label>\n<\/p>\n<p><input class=\"wpcf7-form-control wpcf7-submit has-spinner\" type=\"submit\" value=\"ABSENDEN\" \/>\n<\/p><p style=\"display: none !important;\" class=\"akismet-fields-container\" data-prefix=\"_wpcf7_ak_\"><label>&#916;<textarea name=\"_wpcf7_ak_hp_textarea\" cols=\"45\" rows=\"8\" maxlength=\"100\"><\/textarea><\/label><input type=\"hidden\" id=\"ak_js_1\" name=\"_wpcf7_ak_js\" value=\"139\"\/><script>document.getElementById( \"ak_js_1\" ).setAttribute( \"value\", ( new Date() ).getTime() );<\/script><\/p><div class=\"wpcf7-response-output\" aria-hidden=\"true\"><\/div>\n<\/form>\n<\/div>\n<\/div>\n<\/div>\n<\/div>\n","protected":false},"excerpt":{"rendered":"<p>M\u00f6chtest du Teil des Lugaris-Teams werden? Wir freuen uns, dass du dich dem Lugaris-Team anschlie\u00dfen m\u00f6chtest! Denn dies bedeutet, Tag f\u00fcr Tag zu wachsen und unseren G\u00e4sten den bestm\u00f6glichen Service zu bieten. F\u00fclle dazu bitte &hellip;<\/p>\n","protected":false},"author":7,"featured_media":17087,"parent":0,"menu_order":0,"comment_status":"closed","ping_status":"closed","template":"","meta":{"_uag_custom_page_level_css":"","footnotes":""},"yoast_head":"<!-- This site is optimized with the Yoast SEO plugin v23.1 - https:\/\/yoast.com\/wordpress\/plugins\/seo\/ -->\n<title>ARBEITE MIT UNS | Lugaris<\/title>\n<meta name=\"description\" content=\"Erfahre mehr \u00fcber Karrierem\u00f6glichkeiten bei Lugaris. Werde Teil unseres Teams und gestalte die Zukunft gemeinsam mit uns! \u2714\" \/>\n<meta name=\"robots\" content=\"index, follow, max-snippet:-1, max-image-preview:large, max-video-preview:-1\" \/>\n<link rel=\"canonical\" href=\"https:\/\/www.lugaris.com\/de\/arbeite-mit-uns\/\" \/>\n<meta property=\"og:locale\" content=\"de_DE\" \/>\n<meta property=\"og:type\" content=\"article\" \/>\n<meta property=\"og:title\" content=\"ARBEITE MIT UNS | Lugaris\" \/>\n<meta property=\"og:description\" content=\"Erfahre mehr \u00fcber Karrierem\u00f6glichkeiten bei Lugaris. Werde Teil unseres Teams und gestalte die Zukunft gemeinsam mit uns! \u2714\" \/>\n<meta property=\"og:url\" content=\"https:\/\/www.lugaris.com\/de\/arbeite-mit-uns\/\" \/>\n<meta property=\"og:site_name\" content=\"Lugaris\" \/>\n<meta property=\"article:modified_time\" content=\"2024-03-19T15:03:58+00:00\" \/>\n<meta property=\"og:image\" content=\"https:\/\/www.lugaris.com\/app\/uploads\/2021\/11\/20170510_0998-1280x853.jpg\" \/>\n\t<meta property=\"og:image:width\" content=\"1280\" \/>\n\t<meta property=\"og:image:height\" content=\"853\" \/>\n\t<meta property=\"og:image:type\" content=\"image\/jpeg\" \/>\n<meta name=\"twitter:card\" content=\"summary_large_image\" \/>\n<meta name=\"twitter:label1\" content=\"Est. reading time\" \/>\n\t<meta name=\"twitter:data1\" content=\"1 minute\" \/>\n<script type=\"application\/ld+json\" class=\"yoast-schema-graph\">{\"@context\":\"https:\/\/schema.org\",\"@graph\":[{\"@type\":\"WebPage\",\"@id\":\"https:\/\/www.lugaris.com\/de\/arbeite-mit-uns\/\",\"url\":\"https:\/\/www.lugaris.com\/de\/arbeite-mit-uns\/\",\"name\":\"ARBEITE MIT UNS | Lugaris\",\"isPartOf\":{\"@id\":\"https:\/\/www.lugaris.com\/de\/#website\"},\"primaryImageOfPage\":{\"@id\":\"https:\/\/www.lugaris.com\/de\/arbeite-mit-uns\/#primaryimage\"},\"image\":{\"@id\":\"https:\/\/www.lugaris.com\/de\/arbeite-mit-uns\/#primaryimage\"},\"thumbnailUrl\":\"https:\/\/www.lugaris.com\/app\/uploads\/2021\/11\/20170510_0998.jpg\",\"datePublished\":\"2023-04-24T14:06:06+00:00\",\"dateModified\":\"2024-03-19T15:03:58+00:00\",\"description\":\"Erfahre mehr \u00fcber Karrierem\u00f6glichkeiten bei Lugaris. Werde Teil unseres Teams und gestalte die Zukunft gemeinsam mit uns! \u2714\",\"breadcrumb\":{\"@id\":\"https:\/\/www.lugaris.com\/de\/arbeite-mit-uns\/#breadcrumb\"},\"inLanguage\":\"de-DE\",\"potentialAction\":[{\"@type\":\"ReadAction\",\"target\":[\"https:\/\/www.lugaris.com\/de\/arbeite-mit-uns\/\"]}]},{\"@type\":\"ImageObject\",\"inLanguage\":\"de-DE\",\"@id\":\"https:\/\/www.lugaris.com\/de\/arbeite-mit-uns\/#primaryimage\",\"url\":\"https:\/\/www.lugaris.com\/app\/uploads\/2021\/11\/20170510_0998.jpg\",\"contentUrl\":\"https:\/\/www.lugaris.com\/app\/uploads\/2021\/11\/20170510_0998.jpg\",\"width\":2560,\"height\":1707},{\"@type\":\"BreadcrumbList\",\"@id\":\"https:\/\/www.lugaris.com\/de\/arbeite-mit-uns\/#breadcrumb\",\"itemListElement\":[{\"@type\":\"ListItem\",\"position\":1,\"name\":\"Home\",\"item\":\"https:\/\/www.lugaris.com\/de\/\"},{\"@type\":\"ListItem\",\"position\":2,\"name\":\"ARBEITE MIT UNS\"}]},{\"@type\":\"WebSite\",\"@id\":\"https:\/\/www.lugaris.com\/de\/#website\",\"url\":\"https:\/\/www.lugaris.com\/de\/\",\"name\":\"Lugaris\",\"description\":\"Apartamentos de vacaciones en Barcelona\",\"publisher\":{\"@id\":\"https:\/\/www.lugaris.com\/de\/#organization\"},\"potentialAction\":[{\"@type\":\"SearchAction\",\"target\":{\"@type\":\"EntryPoint\",\"urlTemplate\":\"https:\/\/www.lugaris.com\/de\/?s={search_term_string}\"},\"query-input\":\"required name=search_term_string\"}],\"inLanguage\":\"de-DE\"},{\"@type\":\"Organization\",\"@id\":\"https:\/\/www.lugaris.com\/de\/#organization\",\"name\":\"Lugaris Apartments in Barcelona\",\"url\":\"https:\/\/www.lugaris.com\/de\/\",\"logo\":{\"@type\":\"ImageObject\",\"inLanguage\":\"de-DE\",\"@id\":\"https:\/\/www.lugaris.com\/de\/#\/schema\/logo\/image\/\",\"url\":\"https:\/\/www.lugaris.com\/app\/uploads\/2020\/03\/Logo_lugaris_v2.png\",\"contentUrl\":\"https:\/\/www.lugaris.com\/app\/uploads\/2020\/03\/Logo_lugaris_v2.png\",\"width\":285,\"height\":257,\"caption\":\"Lugaris Apartments in Barcelona\"},\"image\":{\"@id\":\"https:\/\/www.lugaris.com\/de\/#\/schema\/logo\/image\/\"}}]}<\/script>\n<!-- \/ Yoast SEO plugin. -->","yoast_head_json":{"title":"ARBEITE MIT UNS | Lugaris","description":"Erfahre mehr \u00fcber Karrierem\u00f6glichkeiten bei Lugaris. Werde Teil unseres Teams und gestalte die Zukunft gemeinsam mit uns! \u2714","robots":{"index":"index","follow":"follow","max-snippet":"max-snippet:-1","max-image-preview":"max-image-preview:large","max-video-preview":"max-video-preview:-1"},"canonical":"https:\/\/www.lugaris.com\/de\/arbeite-mit-uns\/","og_locale":"de_DE","og_type":"article","og_title":"ARBEITE MIT UNS | Lugaris","og_description":"Erfahre mehr \u00fcber Karrierem\u00f6glichkeiten bei Lugaris. Werde Teil unseres Teams und gestalte die Zukunft gemeinsam mit uns! \u2714","og_url":"https:\/\/www.lugaris.com\/de\/arbeite-mit-uns\/","og_site_name":"Lugaris","article_modified_time":"2024-03-19T15:03:58+00:00","og_image":[{"width":1280,"height":853,"url":"https:\/\/www.lugaris.com\/app\/uploads\/2021\/11\/20170510_0998-1280x853.jpg","type":"image\/jpeg"}],"twitter_card":"summary_large_image","twitter_misc":{"Est. reading time":"1 minute"},"schema":{"@context":"https:\/\/schema.org","@graph":[{"@type":"WebPage","@id":"https:\/\/www.lugaris.com\/de\/arbeite-mit-uns\/","url":"https:\/\/www.lugaris.com\/de\/arbeite-mit-uns\/","name":"ARBEITE MIT UNS | Lugaris","isPartOf":{"@id":"https:\/\/www.lugaris.com\/de\/#website"},"primaryImageOfPage":{"@id":"https:\/\/www.lugaris.com\/de\/arbeite-mit-uns\/#primaryimage"},"image":{"@id":"https:\/\/www.lugaris.com\/de\/arbeite-mit-uns\/#primaryimage"},"thumbnailUrl":"https:\/\/www.lugaris.com\/app\/uploads\/2021\/11\/20170510_0998.jpg","datePublished":"2023-04-24T14:06:06+00:00","dateModified":"2024-03-19T15:03:58+00:00","description":"Erfahre mehr \u00fcber Karrierem\u00f6glichkeiten bei Lugaris. Werde Teil unseres Teams und gestalte die Zukunft gemeinsam mit uns! \u2714","breadcrumb":{"@id":"https:\/\/www.lugaris.com\/de\/arbeite-mit-uns\/#breadcrumb"},"inLanguage":"de-DE","potentialAction":[{"@type":"ReadAction","target":["https:\/\/www.lugaris.com\/de\/arbeite-mit-uns\/"]}]},{"@type":"ImageObject","inLanguage":"de-DE","@id":"https:\/\/www.lugaris.com\/de\/arbeite-mit-uns\/#primaryimage","url":"https:\/\/www.lugaris.com\/app\/uploads\/2021\/11\/20170510_0998.jpg","contentUrl":"https:\/\/www.lugaris.com\/app\/uploads\/2021\/11\/20170510_0998.jpg","width":2560,"height":1707},{"@type":"BreadcrumbList","@id":"https:\/\/www.lugaris.com\/de\/arbeite-mit-uns\/#breadcrumb","itemListElement":[{"@type":"ListItem","position":1,"name":"Home","item":"https:\/\/www.lugaris.com\/de\/"},{"@type":"ListItem","position":2,"name":"ARBEITE MIT UNS"}]},{"@type":"WebSite","@id":"https:\/\/www.lugaris.com\/de\/#website","url":"https:\/\/www.lugaris.com\/de\/","name":"Lugaris","description":"Apartamentos de vacaciones en Barcelona","publisher":{"@id":"https:\/\/www.lugaris.com\/de\/#organization"},"potentialAction":[{"@type":"SearchAction","target":{"@type":"EntryPoint","urlTemplate":"https:\/\/www.lugaris.com\/de\/?s={search_term_string}"},"query-input":"required name=search_term_string"}],"inLanguage":"de-DE"},{"@type":"Organization","@id":"https:\/\/www.lugaris.com\/de\/#organization","name":"Lugaris Apartments in Barcelona","url":"https:\/\/www.lugaris.com\/de\/","logo":{"@type":"ImageObject","inLanguage":"de-DE","@id":"https:\/\/www.lugaris.com\/de\/#\/schema\/logo\/image\/","url":"https:\/\/www.lugaris.com\/app\/uploads\/2020\/03\/Logo_lugaris_v2.png","contentUrl":"https:\/\/www.lugaris.com\/app\/uploads\/2020\/03\/Logo_lugaris_v2.png","width":285,"height":257,"caption":"Lugaris Apartments in Barcelona"},"image":{"@id":"https:\/\/www.lugaris.com\/de\/#\/schema\/logo\/image\/"}}]}},"uagb_featured_image_src":{"full":["https:\/\/www.lugaris.com\/app\/uploads\/2021\/11\/20170510_0998.jpg",2560,1707,false],"thumbnail":["https:\/\/www.lugaris.com\/app\/uploads\/2021\/11\/20170510_0998-640x427.jpg",640,427,true],"medium":["https:\/\/www.lugaris.com\/app\/uploads\/2021\/11\/20170510_0998-1024x683.jpg",1024,683,true],"medium_large":["https:\/\/www.lugaris.com\/app\/uploads\/2021\/11\/20170510_0998-768x512.jpg",768,512,true],"large":["https:\/\/www.lugaris.com\/app\/uploads\/2021\/11\/20170510_0998-1280x853.jpg",1280,853,true],"1536x1536":["https:\/\/www.lugaris.com\/app\/uploads\/2021\/11\/20170510_0998-1536x1024.jpg",1536,1024,true],"2048x2048":["https:\/\/www.lugaris.com\/app\/uploads\/2021\/11\/20170510_0998-2048x1365.jpg",2048,1365,true]},"uagb_author_info":{"display_name":"Carol","author_link":"https:\/\/www.lugaris.com\/de\/author\/cvb2-performance-es\/"},"uagb_comment_info":0,"uagb_excerpt":"M\u00f6chtest du Teil des Lugaris-Teams werden? Wir freuen uns, dass du dich dem Lugaris-Team anschlie\u00dfen m\u00f6chtest! Denn dies bedeutet, Tag f\u00fcr Tag zu wachsen und unseren G\u00e4sten den bestm\u00f6glichen Service zu bieten. F\u00fclle dazu bitte &hellip;","_links":{"self":[{"href":"https:\/\/www.lugaris.com\/de\/wp-json\/wp\/v2\/pages\/19313"}],"collection":[{"href":"https:\/\/www.lugaris.com\/de\/wp-json\/wp\/v2\/pages"}],"about":[{"href":"https:\/\/www.lugaris.com\/de\/wp-json\/wp\/v2\/types\/page"}],"author":[{"embeddable":true,"href":"https:\/\/www.lugaris.com\/de\/wp-json\/wp\/v2\/users\/7"}],"replies":[{"embeddable":true,"href":"https:\/\/www.lugaris.com\/de\/wp-json\/wp\/v2\/comments?post=19313"}],"version-history":[{"count":2,"href":"https:\/\/www.lugaris.com\/de\/wp-json\/wp\/v2\/pages\/19313\/revisions"}],"predecessor-version":[{"id":22791,"href":"https:\/\/www.lugaris.com\/de\/wp-json\/wp\/v2\/pages\/19313\/revisions\/22791"}],"wp:featuredmedia":[{"embeddable":true,"href":"https:\/\/www.lugaris.com\/de\/wp-json\/wp\/v2\/media\/17087"}],"wp:attachment":[{"href":"https:\/\/www.lugaris.com\/de\/wp-json\/wp\/v2\/media?parent=19313"}],"curies":[{"name":"wp","href":"https:\/\/api.w.org\/{rel}","templated":true}]}}