{"id":11752,"date":"2020-04-16T15:32:39","date_gmt":"2020-04-16T15:32:39","guid":{"rendered":"https:\/\/www.lugaris.com\/4-interesantes-razones\/"},"modified":"2024-04-24T07:45:44","modified_gmt":"2024-04-24T07:45:44","slug":"4-raisons-interessantes","status":"publish","type":"page","link":"https:\/\/www.lugaris.com\/fr\/4-raisons-interessantes\/","title":{"rendered":"4 GRANDS AVANTAGES"},"content":{"rendered":"\n\n\n<img decoding=\"async\" class=\"is-layout-flow wp-block-column-is-layout-flow is-layout-flex wp-container-core-columns-layout-1 wp-block-columns-is-layout-flex\" title=\"cars-1578513\" src=\"https:\/\/www.lugaris.com\/app\/uploads\/2020\/07\/cars-1578513-scaled.jpg\" alt=\"\" \/>\n<h3>PARKING GRATUIT<\/h3>\n<p>Nous invitons votre voiture \u00e0 se reposer dans notre parking spacieux. <strong>Code PRKFREE.<\/strong><\/p>\n\n\n\n<img decoding=\"async\" class=\"is-layout-flow wp-block-column-is-layout-flow\" title=\"feather-duster-709124\" src=\"https:\/\/www.lugaris.com\/app\/uploads\/2020\/07\/feather-duster-709124-scaled.jpg\" alt=\"\" \/>\n<h3>NETTOYAGE GRATUIT<\/h3>\n<p>Vous aurez une session de nettoyage de plus et un souci de moins.\u00a0<strong>Code CLEANFREE.<\/strong><\/p>\n\n\n\n<img decoding=\"async\" class=\"is-layout-flow wp-block-column-is-layout-flow\" title=\"New-Project-1\" src=\"https:\/\/www.lugaris.com\/app\/uploads\/2020\/07\/New-Project-1.jpg\" alt=\"\" \/>\n<h3>TRANSFERT GRATUIT<\/h3>\n<p>Un privil\u00e8ge merveilleux. Exclusivement pour des s\u00e9jours de plus de 5 jours. Transfert de l\u2019a\u00e9roport \u00e0 Lugaris.\u00a0<strong>Code TRANFREE.<\/strong><\/p>\n\n\n\n<img decoding=\"async\" class=\"is-layout-flow wp-block-column-is-layout-flow\" title=\"New-Project\" src=\"https:\/\/www.lugaris.com\/app\/uploads\/2020\/07\/New-Project.jpg\" alt=\"\" \/>\n<h3>REMISE DE 5 %<\/h3>\n<p>Profitez de cette magnifique opportunit\u00e9 et \u00e9conomisez une bonne somme. <strong>Code BOOKNOW.<\/strong><\/p>\n\n\n\n<p>\u00a0<\/p>\n","protected":false},"excerpt":{"rendered":"<p>\u00a0<\/p>\n","protected":false},"author":4,"featured_media":9900,"parent":0,"menu_order":0,"comment_status":"closed","ping_status":"closed","template":"","meta":{"_uag_custom_page_level_css":"","footnotes":""},"yoast_head":"<!-- This site is optimized with the Yoast SEO plugin v23.1 - https:\/\/yoast.com\/wordpress\/plugins\/seo\/ -->\n<title>Pourquoi r\u00e9server un appartement \u00e0 Barcelone \u00e0 Lugaris | Avantages<\/title>\n<meta name=\"description\" content=\"Partez-vous en vacances \u00e0 Barcelone ? R\u00e9servez donc votre appartement pr\u00e8s de la plage ! Gr\u00e2ce \u00e0 les appartements Lugaris, c&#039;est tr\u00e8s facile.\" \/>\n<meta name=\"robots\" content=\"index, follow, max-snippet:-1, max-image-preview:large, max-video-preview:-1\" \/>\n<link rel=\"canonical\" href=\"https:\/\/www.lugaris.com\/fr\/4-raisons-interessantes\/\" \/>\n<meta property=\"og:locale\" content=\"fr_FR\" \/>\n<meta property=\"og:type\" content=\"article\" \/>\n<meta property=\"og:title\" content=\"Pourquoi r\u00e9server un appartement \u00e0 Barcelone \u00e0 Lugaris | Avantages\" \/>\n<meta property=\"og:description\" content=\"Partez-vous en vacances \u00e0 Barcelone ? R\u00e9servez donc votre appartement pr\u00e8s de la plage ! Gr\u00e2ce \u00e0 les appartements Lugaris, c&#039;est tr\u00e8s facile.\" \/>\n<meta property=\"og:url\" content=\"https:\/\/www.lugaris.com\/fr\/4-raisons-interessantes\/\" \/>\n<meta property=\"og:site_name\" content=\"Lugaris\" \/>\n<meta property=\"article:modified_time\" content=\"2024-04-24T07:45:44+00:00\" \/>\n<meta property=\"og:image\" content=\"https:\/\/www.lugaris.com\/app\/uploads\/2020\/06\/new-year-3106847_1280.jpg\" \/>\n\t<meta property=\"og:image:width\" content=\"1920\" \/>\n\t<meta property=\"og:image:height\" content=\"520\" \/>\n\t<meta property=\"og:image:type\" content=\"image\/jpeg\" \/>\n<meta name=\"twitter:card\" content=\"summary_large_image\" \/>\n<meta name=\"twitter:label1\" content=\"Est. reading time\" \/>\n\t<meta name=\"twitter:data1\" content=\"2 minutes\" \/>\n<script type=\"application\/ld+json\" class=\"yoast-schema-graph\">{\"@context\":\"https:\/\/schema.org\",\"@graph\":[{\"@type\":\"WebPage\",\"@id\":\"https:\/\/www.lugaris.com\/fr\/4-raisons-interessantes\/\",\"url\":\"https:\/\/www.lugaris.com\/fr\/4-raisons-interessantes\/\",\"name\":\"Pourquoi r\u00e9server un appartement \u00e0 Barcelone \u00e0 Lugaris | Avantages\",\"isPartOf\":{\"@id\":\"https:\/\/www.lugaris.com\/fr\/#website\"},\"primaryImageOfPage\":{\"@id\":\"https:\/\/www.lugaris.com\/fr\/4-raisons-interessantes\/#primaryimage\"},\"image\":{\"@id\":\"https:\/\/www.lugaris.com\/fr\/4-raisons-interessantes\/#primaryimage\"},\"thumbnailUrl\":\"https:\/\/www.lugaris.com\/app\/uploads\/2020\/06\/new-year-3106847_1280.jpg\",\"datePublished\":\"2020-04-16T15:32:39+00:00\",\"dateModified\":\"2024-04-24T07:45:44+00:00\",\"description\":\"Partez-vous en vacances \u00e0 Barcelone ? R\u00e9servez donc votre appartement pr\u00e8s de la plage ! Gr\u00e2ce \u00e0 les appartements Lugaris, c'est tr\u00e8s facile.\",\"breadcrumb\":{\"@id\":\"https:\/\/www.lugaris.com\/fr\/4-raisons-interessantes\/#breadcrumb\"},\"inLanguage\":\"fr-FR\",\"potentialAction\":[{\"@type\":\"ReadAction\",\"target\":[\"https:\/\/www.lugaris.com\/fr\/4-raisons-interessantes\/\"]}]},{\"@type\":\"ImageObject\",\"inLanguage\":\"fr-FR\",\"@id\":\"https:\/\/www.lugaris.com\/fr\/4-raisons-interessantes\/#primaryimage\",\"url\":\"https:\/\/www.lugaris.com\/app\/uploads\/2020\/06\/new-year-3106847_1280.jpg\",\"contentUrl\":\"https:\/\/www.lugaris.com\/app\/uploads\/2020\/06\/new-year-3106847_1280.jpg\",\"width\":1920,\"height\":520},{\"@type\":\"BreadcrumbList\",\"@id\":\"https:\/\/www.lugaris.com\/fr\/4-raisons-interessantes\/#breadcrumb\",\"itemListElement\":[{\"@type\":\"ListItem\",\"position\":1,\"name\":\"Home\",\"item\":\"https:\/\/www.lugaris.com\/fr\/\"},{\"@type\":\"ListItem\",\"position\":2,\"name\":\"4 GRANDS AVANTAGES\"}]},{\"@type\":\"WebSite\",\"@id\":\"https:\/\/www.lugaris.com\/fr\/#website\",\"url\":\"https:\/\/www.lugaris.com\/fr\/\",\"name\":\"Lugaris\",\"description\":\"Apartamentos de vacaciones en Barcelona\",\"publisher\":{\"@id\":\"https:\/\/www.lugaris.com\/fr\/#organization\"},\"potentialAction\":[{\"@type\":\"SearchAction\",\"target\":{\"@type\":\"EntryPoint\",\"urlTemplate\":\"https:\/\/www.lugaris.com\/fr\/?s={search_term_string}\"},\"query-input\":\"required name=search_term_string\"}],\"inLanguage\":\"fr-FR\"},{\"@type\":\"Organization\",\"@id\":\"https:\/\/www.lugaris.com\/fr\/#organization\",\"name\":\"Lugaris Apartments in Barcelona\",\"url\":\"https:\/\/www.lugaris.com\/fr\/\",\"logo\":{\"@type\":\"ImageObject\",\"inLanguage\":\"fr-FR\",\"@id\":\"https:\/\/www.lugaris.com\/fr\/#\/schema\/logo\/image\/\",\"url\":\"https:\/\/www.lugaris.com\/app\/uploads\/2020\/03\/Logo_lugaris_v2.png\",\"contentUrl\":\"https:\/\/www.lugaris.com\/app\/uploads\/2020\/03\/Logo_lugaris_v2.png\",\"width\":285,\"height\":257,\"caption\":\"Lugaris Apartments in Barcelona\"},\"image\":{\"@id\":\"https:\/\/www.lugaris.com\/fr\/#\/schema\/logo\/image\/\"}}]}<\/script>\n<!-- \/ Yoast SEO plugin. -->","yoast_head_json":{"title":"Pourquoi r\u00e9server un appartement \u00e0 Barcelone \u00e0 Lugaris | Avantages","description":"Partez-vous en vacances \u00e0 Barcelone ? R\u00e9servez donc votre appartement pr\u00e8s de la plage ! Gr\u00e2ce \u00e0 les appartements Lugaris, c'est tr\u00e8s facile.","robots":{"index":"index","follow":"follow","max-snippet":"max-snippet:-1","max-image-preview":"max-image-preview:large","max-video-preview":"max-video-preview:-1"},"canonical":"https:\/\/www.lugaris.com\/fr\/4-raisons-interessantes\/","og_locale":"fr_FR","og_type":"article","og_title":"Pourquoi r\u00e9server un appartement \u00e0 Barcelone \u00e0 Lugaris | Avantages","og_description":"Partez-vous en vacances \u00e0 Barcelone ? R\u00e9servez donc votre appartement pr\u00e8s de la plage ! Gr\u00e2ce \u00e0 les appartements Lugaris, c'est tr\u00e8s facile.","og_url":"https:\/\/www.lugaris.com\/fr\/4-raisons-interessantes\/","og_site_name":"Lugaris","article_modified_time":"2024-04-24T07:45:44+00:00","og_image":[{"width":1920,"height":520,"url":"https:\/\/www.lugaris.com\/app\/uploads\/2020\/06\/new-year-3106847_1280.jpg","type":"image\/jpeg"}],"twitter_card":"summary_large_image","twitter_misc":{"Est. reading time":"2 minutes"},"schema":{"@context":"https:\/\/schema.org","@graph":[{"@type":"WebPage","@id":"https:\/\/www.lugaris.com\/fr\/4-raisons-interessantes\/","url":"https:\/\/www.lugaris.com\/fr\/4-raisons-interessantes\/","name":"Pourquoi r\u00e9server un appartement \u00e0 Barcelone \u00e0 Lugaris | Avantages","isPartOf":{"@id":"https:\/\/www.lugaris.com\/fr\/#website"},"primaryImageOfPage":{"@id":"https:\/\/www.lugaris.com\/fr\/4-raisons-interessantes\/#primaryimage"},"image":{"@id":"https:\/\/www.lugaris.com\/fr\/4-raisons-interessantes\/#primaryimage"},"thumbnailUrl":"https:\/\/www.lugaris.com\/app\/uploads\/2020\/06\/new-year-3106847_1280.jpg","datePublished":"2020-04-16T15:32:39+00:00","dateModified":"2024-04-24T07:45:44+00:00","description":"Partez-vous en vacances \u00e0 Barcelone ? R\u00e9servez donc votre appartement pr\u00e8s de la plage ! Gr\u00e2ce \u00e0 les appartements Lugaris, c'est tr\u00e8s facile.","breadcrumb":{"@id":"https:\/\/www.lugaris.com\/fr\/4-raisons-interessantes\/#breadcrumb"},"inLanguage":"fr-FR","potentialAction":[{"@type":"ReadAction","target":["https:\/\/www.lugaris.com\/fr\/4-raisons-interessantes\/"]}]},{"@type":"ImageObject","inLanguage":"fr-FR","@id":"https:\/\/www.lugaris.com\/fr\/4-raisons-interessantes\/#primaryimage","url":"https:\/\/www.lugaris.com\/app\/uploads\/2020\/06\/new-year-3106847_1280.jpg","contentUrl":"https:\/\/www.lugaris.com\/app\/uploads\/2020\/06\/new-year-3106847_1280.jpg","width":1920,"height":520},{"@type":"BreadcrumbList","@id":"https:\/\/www.lugaris.com\/fr\/4-raisons-interessantes\/#breadcrumb","itemListElement":[{"@type":"ListItem","position":1,"name":"Home","item":"https:\/\/www.lugaris.com\/fr\/"},{"@type":"ListItem","position":2,"name":"4 GRANDS AVANTAGES"}]},{"@type":"WebSite","@id":"https:\/\/www.lugaris.com\/fr\/#website","url":"https:\/\/www.lugaris.com\/fr\/","name":"Lugaris","description":"Apartamentos de vacaciones en Barcelona","publisher":{"@id":"https:\/\/www.lugaris.com\/fr\/#organization"},"potentialAction":[{"@type":"SearchAction","target":{"@type":"EntryPoint","urlTemplate":"https:\/\/www.lugaris.com\/fr\/?s={search_term_string}"},"query-input":"required name=search_term_string"}],"inLanguage":"fr-FR"},{"@type":"Organization","@id":"https:\/\/www.lugaris.com\/fr\/#organization","name":"Lugaris Apartments in Barcelona","url":"https:\/\/www.lugaris.com\/fr\/","logo":{"@type":"ImageObject","inLanguage":"fr-FR","@id":"https:\/\/www.lugaris.com\/fr\/#\/schema\/logo\/image\/","url":"https:\/\/www.lugaris.com\/app\/uploads\/2020\/03\/Logo_lugaris_v2.png","contentUrl":"https:\/\/www.lugaris.com\/app\/uploads\/2020\/03\/Logo_lugaris_v2.png","width":285,"height":257,"caption":"Lugaris Apartments in Barcelona"},"image":{"@id":"https:\/\/www.lugaris.com\/fr\/#\/schema\/logo\/image\/"}}]}},"uagb_featured_image_src":{"full":["https:\/\/www.lugaris.com\/app\/uploads\/2020\/06\/new-year-3106847_1280.jpg",1920,520,false],"thumbnail":["https:\/\/www.lugaris.com\/app\/uploads\/2020\/06\/new-year-3106847_1280-150x150.jpg",150,150,true],"medium":["https:\/\/www.lugaris.com\/app\/uploads\/2020\/06\/new-year-3106847_1280-300x81.jpg",300,81,true],"medium_large":["https:\/\/www.lugaris.com\/app\/uploads\/2020\/06\/new-year-3106847_1280-768x208.jpg",768,208,true],"large":["https:\/\/www.lugaris.com\/app\/uploads\/2020\/06\/new-year-3106847_1280-1024x277.jpg",1024,277,true],"1536x1536":["https:\/\/www.lugaris.com\/app\/uploads\/2020\/06\/new-year-3106847_1280-1536x416.jpg",1536,416,true],"2048x2048":["https:\/\/www.lugaris.com\/app\/uploads\/2020\/06\/new-year-3106847_1280.jpg",1920,520,false]},"uagb_author_info":{"display_name":"Roberto Bordi","author_link":"https:\/\/www.lugaris.com\/fr\/author\/rbb2-performance-es\/"},"uagb_comment_info":0,"uagb_excerpt":"\u00a0","_links":{"self":[{"href":"https:\/\/www.lugaris.com\/fr\/wp-json\/wp\/v2\/pages\/11752"}],"collection":[{"href":"https:\/\/www.lugaris.com\/fr\/wp-json\/wp\/v2\/pages"}],"about":[{"href":"https:\/\/www.lugaris.com\/fr\/wp-json\/wp\/v2\/types\/page"}],"author":[{"embeddable":true,"href":"https:\/\/www.lugaris.com\/fr\/wp-json\/wp\/v2\/users\/4"}],"replies":[{"embeddable":true,"href":"https:\/\/www.lugaris.com\/fr\/wp-json\/wp\/v2\/comments?post=11752"}],"version-history":[{"count":4,"href":"https:\/\/www.lugaris.com\/fr\/wp-json\/wp\/v2\/pages\/11752\/revisions"}],"predecessor-version":[{"id":23039,"href":"https:\/\/www.lugaris.com\/fr\/wp-json\/wp\/v2\/pages\/11752\/revisions\/23039"}],"wp:featuredmedia":[{"embeddable":true,"href":"https:\/\/www.lugaris.com\/fr\/wp-json\/wp\/v2\/media\/9900"}],"wp:attachment":[{"href":"https:\/\/www.lugaris.com\/fr\/wp-json\/wp\/v2\/media?parent=11752"}],"curies":[{"name":"wp","href":"https:\/\/api.w.org\/{rel}","templated":true}]}}