{"id":12629,"date":"2020-08-04T16:44:43","date_gmt":"2020-08-04T16:44:43","guid":{"rendered":"https:\/\/www.lugaris.com\/?page_id=12629"},"modified":"2021-08-18T13:29:24","modified_gmt":"2021-08-18T13:29:24","slug":"comunicato-sul-covid-19","status":"publish","type":"page","link":"https:\/\/www.lugaris.com\/it\/comunicato-sul-covid-19\/","title":{"rendered":"Comunicato sul Covid-19"},"content":{"rendered":"\n<div class=\"wp-block-group has-yellow-background-color has-background container p-sm\"><div class=\"wp-block-group__inner-container is-layout-flow wp-block-group-is-layout-flow\">\n<h1 class=\"has-text-align-center wp-block-heading\"><strong>MISURE DI SALUTE E SICUREZZA CONTRO IL COVID-19<\/strong><\/h1>\n<\/div><\/div>\n\n\n\n<p class=\"container\">Lugaris Apartments lavora ogni giorno per offrire i suoi servizi nel rispetto delle norme del Ministero della Salute, del Consumo e del Ministero dell&#8217;Industria, del Commercio e del Turismo, permettendo ai nostri ospiti di vivere un&#8217;esperienza sicura, con tutto il comfort che ci contraddistingue.<br><br>Per questo motivo abbiamo rivisto le nostre politiche in materia di prenotazioni, soggiorni e cancellazioni per adattarle allo scenario attuale, derivato dall&#8217;epidemia del COVID-19. Abbiamo anche reso pi\u00f9 flessibili le nostre opzioni di prenotazione, per garantire la vostra tranquillit\u00e0 e il vostro comfort in ogni momento.<br><br>Quando sarete ospiti dei nostri alloggi, dovreste tenere conto delle seguenti indicazioni.<\/p>\n\n\n\n<div class=\"wp-block-group has-yellow-background-color has-background container p-sm\"><div class=\"wp-block-group__inner-container is-layout-flow wp-block-group-is-layout-flow\">\n<h2 class=\"has-text-align-center wp-block-heading\">Fai un test PCR o antigenico da Lugaris Apartments<\/h2>\n<\/div><\/div>\n\n\n\n<p class=\"container\">Per rendere il tuo ritorno a casa un viaggio comodo e sicuro, Lugaris ha raggiunto un accordo con il prestigioso Ospedale \u201cHM Delfos\u201d affinch\u00e9 tu possa fare il tuo test PCR o antigenico direttamente negli appartamenti Lugaris. Inoltre, se lo desideri potrai anche recarti direttamente in clinica; Lugaris si incaricher\u00e0 di prenotare una data e un&#8217;ora per il test. Qualunque sia la tua scelta preferita, tutto ci\u00f2 che devi fare \u00e8 <a href=\"https:\/\/www.lugaris.com\/it\/contatto\/\">prenotare una data e un&#8217;ora<\/a> per il tuo test PCR o antigenico.<\/p>\n\n\n\n<div class=\"wp-block-group has-yellow-background-color has-background container p-sm\"><div class=\"wp-block-group__inner-container is-layout-flow wp-block-group-is-layout-flow\">\n<h2 class=\"has-text-align-center wp-block-heading\">Cambi nelle date di prenotazione dei nostri appartamenti<\/h2>\n<\/div><\/div>\n\n\n\n<p class=\"container\">\u2022&nbsp;<strong>Restrizioni del governo. <\/strong>Mentre resta in vigore lo stato di emergenza decretato dal governo spagnolo, seguiremo il quadro giuridico stabilito dalle autorit\u00e0 competenti per svolgere la nostra attivit\u00e0 e lo faremo il pi\u00f9 rapidamente possibile.<br><br>\u2022&nbsp;<strong>Prenotazioni attive. <\/strong>Se la tua prenotazione coincide con il periodo in cui viene dichiarato lo stato d&#8217;emergenza e la chiusura dei nostri hotel a Barcellona \u00e8 ancora in vigore per ordine del governo, la preghiamo di contattare il suo Tour Operator o la sua Agenzia Viaggi. Se hai prenotato attraverso il nostro sito web, non esitare a contattare il nostro Servizio Clienti (info@lugaris.com). Saremo lieti di aiutarti a modificare la tua prenotazione, a condizione che il cambiamento sia effettuato fino a 24 ore prima della data di arrivo.<br><br>\u2022&nbsp;<strong>Nuove prenotazioni. <\/strong>Tutte le nuove prenotazioni effettuate, anche quelle descritte come non rimborsabili, saranno attentamente analizzate dal nostro team. Le modifiche alle linee guida governative avvengono regolarmente, quindi la tua prenotazione potrebbe risentirne. Per ulteriori informazioni, consultare di seguito la sezione FAQ.<\/p>\n\n\n\n<div class=\"wp-block-group has-yellow-background-color has-background container p-sm\"><div class=\"wp-block-group__inner-container is-layout-flow wp-block-group-is-layout-flow\">\n<h2 class=\"has-text-align-center wp-block-heading\">Domande frequenti (FAQ) sulle nostre misure di sicurezza<\/h2>\n<\/div><\/div>\n\n\n\n<div class=\"wp-block-group container\"><div class=\"wp-block-group__inner-container is-layout-flow wp-block-group-is-layout-flow\">\n<div class=\"wp-block-group\"><div class=\"wp-block-group__inner-container is-layout-flow wp-block-group-is-layout-flow\">\n<h3 class=\"wp-block-heading\"><strong>QUALI MISURE VENGONO APPLICATE neLLA RECEPTION DEGLI APPARTAMENTI?<\/strong><\/h3>\n\n\n\n<p class=\"pb-sm m-0\">Presso la nostra reception, troverai segnalata sul pavimento (2 m) la distanza di sicurezza consigliata. Forniamo anche un distributore di <strong>gel idroalcolico<\/strong> e tale spazio sar\u00e0 disinfettato ogni mattina prima dell&#8217;inizio della giornata lavorativa. Durante le ore di servizio al cliente, il pavimento, i banchi e gli altri elementi saranno disinfettati, seguendo le istruzioni ministeriali. I servizi igienici per gli ospiti devono essere disinfettati sei volte durante l&#8217;orario di apertura della reception. Il nostro team \u00e8 dotato di <strong>dispositivi di protezione individuale (DPI)<\/strong>, necessari per servire gli ospiti in modo sicuro e professionale. Inoltre, il nostro personale ha ricevuto una formazione in materia di prevenzione dei rischi contro COVID-19, che permetter\u00e0 loro di darti un caloroso benvenuto e di rispondere alle tue domande in modo sicuro e con la consueta cordialit\u00e0.<br><br>A causa del COVID-19, l&#8217;orario e il funzionamento della nostra reception possono essere modificati a seconda dell&#8217;attivit\u00e0 di check-in. Per questo motivo, <strong>chiediamo ai nostri ospiti di indicare l&#8217;orario di arrivo, al fine di offrire un servizio di altissima qualit\u00e0<\/strong>. Continuiamo con l&#8217;attenzione telefonica permanente al nostro numero di telefono +34 648784702.<\/p>\n<\/div><\/div>\n\n\n\n<h3 class=\"pb-0 wp-block-heading\"><strong>QUALI SONO LE ALTRE PRECAUZIONI CHE <\/strong><b>STATE PRESE NEGLI APPARTAMENTI?<\/b><\/h3>\n\n\n\n<p class=\"pb-sm\">Da Lugaris Apartments, la sicurezza dei nostri ospiti e dei nostri professionisti viene al primo posto. Per questo applichiamo un protocollo di sicurezza completo, utilizzando prodotti disinfettanti autorizzati dal Ministero della Salute, del Consumo e della Previdenza Sociale, nel massimo rispetto del nostro impegno per l&#8217;ambiente. Come misura di sicurezza, <strong>passeranno tre giorni tra la partenza di un ospite e l&#8217;arrivo di un altro<\/strong> e, a seconda della disponibilit\u00e0, gli ospiti soggiorneranno su diversi piani dei nostri tre edifici (quello di Lugaris Beach e i due di Lugaris Rambla), avendo cura di non incrociare i percorsi con altri clienti.<\/p>\n\n\n\n<h3 class=\"wp-block-heading\"><strong>E NELLE AREE COMUNI?<\/strong><\/h3>\n\n\n\n<p class=\"pb-sm\">Nelle aree comuni del complesso residenziale Lugaris Apartments si applicheranno le norme igieniche stabilite dagli enti governativi. Ogni ingresso sar\u00e0 dotato di un distributore di gel idroalcolico. <strong>Gli ascensori, le maniglie delle porte e i corrimano delle scale saranno disinfettati ogni due ore<\/strong>.<\/p>\n\n\n\n<h3 class=\"wp-block-heading\"><strong>IL SERVIZIO CLIENTI \u00c8 SICURO?<\/strong><\/h3>\n\n\n\n<p class=\"pb-sm\">S\u00ec, il nostro team alla reception dispone dei necessari <strong>dispositivi di protezione individuale (DPI)<\/strong>. Inoltre, il suolo della reception indica la distanza di 2 m che deve essere mantenuta tra gli ospiti. Tuttavia, per i clienti che preferiscono non avere delle relazioni faccia a faccia, <strong>offriamo un numero WhatsApp e uno di WeChat per risolvere eventuali dubbi o domande<\/strong>.<\/p>\n\n\n\n<h3 class=\"wp-block-heading\"><strong>SI DEVE INDOSSARE LA MASCHERINA NELLE AREE COMUNI?<\/strong><\/h3>\n\n\n\n<p class=\"pb-sm\">L&#8217;uso della mascherina \u00e8 obbligatorio in tutta la citt\u00e0, ad eccezione dell&#8217;appartamento. Questo include le aree comuni e per qualsiasi situazione, indipendentemente dal fatto che i 2 metri di distanza sociale possano essere mantenuti o meno.<\/p>\n\n\n\n<h3 class=\"wp-block-heading\"><strong>SI PU\u00d2 UTILIZZARE LA PISCINA DEGLI APPARTAMENTI?<\/strong><\/h3>\n\n\n\n<p class=\"\">La piscina \u00e8 aperta agli ospiti di Lugaris Beach. I clienti della piscina e della terrazza devono seguire il regolamento esposto agli accessi alla piscina.<\/p>\n\n\n\n<h3 class=\"wp-block-heading\"><strong>Se durante il soggiorno\u00a0si hanno\u00a0dei sintomi da Covid-19, cosa bisogna\u00a0fare?\u00a0<\/strong><\/h3>\n\n\n\n<p class=\"\">Se\u00a0durante il\u00a0soggiorno nei nostri appartamenti si hanno dei sintomi di contagio da Covid-19, bisogna informare la reception la quale indicher\u00e0 le procedure da seguire secondo il regolamento prestabilito.<\/p>\n<\/div><\/div>\n","protected":false},"excerpt":{"rendered":"<p>MISURE DI SALUTE E SICUREZZA CONTRO IL COVID-19 Lugaris Apartments lavora ogni giorno per offrire i suoi servizi nel rispetto delle norme del Ministero della Salute, del Consumo e del Ministero dell&#8217;Industria, del Commercio e &hellip;<\/p>\n","protected":false},"author":4,"featured_media":11196,"parent":0,"menu_order":0,"comment_status":"closed","ping_status":"closed","template":"","meta":{"_uag_custom_page_level_css":"","footnotes":""},"yoast_head":"<!-- This site is optimized with the Yoast SEO plugin v23.1 - https:\/\/yoast.com\/wordpress\/plugins\/seo\/ -->\n<title>Misure di sicurezza contro il COVID-19 | Lugaris<\/title>\n<meta name=\"description\" content=\"A causa dell&#039;epidemia causata dal virus COVID-19, gli appartamenti Lugaris hanno adottato nuovi protocolli e norme in tema di salute e sicurezza.\" \/>\n<meta name=\"robots\" content=\"index, follow, max-snippet:-1, max-image-preview:large, max-video-preview:-1\" \/>\n<link rel=\"canonical\" href=\"https:\/\/www.lugaris.com\/it\/comunicato-sul-covid-19\/\" \/>\n<meta property=\"og:locale\" content=\"it_IT\" \/>\n<meta property=\"og:type\" content=\"article\" \/>\n<meta property=\"og:title\" content=\"Misure di sicurezza contro il COVID-19 | Lugaris\" \/>\n<meta property=\"og:description\" content=\"A causa dell&#039;epidemia causata dal virus COVID-19, gli appartamenti Lugaris hanno adottato nuovi protocolli e norme in tema di salute e sicurezza.\" \/>\n<meta property=\"og:url\" content=\"https:\/\/www.lugaris.com\/it\/comunicato-sul-covid-19\/\" \/>\n<meta property=\"og:site_name\" content=\"Lugaris\" \/>\n<meta property=\"article:modified_time\" content=\"2021-08-18T13:29:24+00:00\" \/>\n<meta property=\"og:image\" content=\"https:\/\/www.lugaris.com\/app\/uploads\/2020\/07\/covid.jpg\" \/>\n\t<meta property=\"og:image:width\" content=\"600\" \/>\n\t<meta property=\"og:image:height\" content=\"600\" \/>\n\t<meta property=\"og:image:type\" content=\"image\/jpeg\" \/>\n<meta name=\"twitter:card\" content=\"summary_large_image\" \/>\n<meta name=\"twitter:label1\" content=\"Est. reading time\" \/>\n\t<meta name=\"twitter:data1\" content=\"5 minutes\" \/>\n<script type=\"application\/ld+json\" class=\"yoast-schema-graph\">{\"@context\":\"https:\/\/schema.org\",\"@graph\":[{\"@type\":\"WebPage\",\"@id\":\"https:\/\/www.lugaris.com\/it\/comunicato-sul-covid-19\/\",\"url\":\"https:\/\/www.lugaris.com\/it\/comunicato-sul-covid-19\/\",\"name\":\"Misure di sicurezza contro il COVID-19 | Lugaris\",\"isPartOf\":{\"@id\":\"https:\/\/www.lugaris.com\/it\/#website\"},\"primaryImageOfPage\":{\"@id\":\"https:\/\/www.lugaris.com\/it\/comunicato-sul-covid-19\/#primaryimage\"},\"image\":{\"@id\":\"https:\/\/www.lugaris.com\/it\/comunicato-sul-covid-19\/#primaryimage\"},\"thumbnailUrl\":\"https:\/\/www.lugaris.com\/app\/uploads\/2020\/07\/covid.jpg\",\"datePublished\":\"2020-08-04T16:44:43+00:00\",\"dateModified\":\"2021-08-18T13:29:24+00:00\",\"description\":\"A causa dell'epidemia causata dal virus COVID-19, gli appartamenti Lugaris hanno adottato nuovi protocolli e norme in tema di salute e sicurezza.\",\"breadcrumb\":{\"@id\":\"https:\/\/www.lugaris.com\/it\/comunicato-sul-covid-19\/#breadcrumb\"},\"inLanguage\":\"it-IT\",\"potentialAction\":[{\"@type\":\"ReadAction\",\"target\":[\"https:\/\/www.lugaris.com\/it\/comunicato-sul-covid-19\/\"]}]},{\"@type\":\"ImageObject\",\"inLanguage\":\"it-IT\",\"@id\":\"https:\/\/www.lugaris.com\/it\/comunicato-sul-covid-19\/#primaryimage\",\"url\":\"https:\/\/www.lugaris.com\/app\/uploads\/2020\/07\/covid.jpg\",\"contentUrl\":\"https:\/\/www.lugaris.com\/app\/uploads\/2020\/07\/covid.jpg\",\"width\":600,\"height\":600},{\"@type\":\"BreadcrumbList\",\"@id\":\"https:\/\/www.lugaris.com\/it\/comunicato-sul-covid-19\/#breadcrumb\",\"itemListElement\":[{\"@type\":\"ListItem\",\"position\":1,\"name\":\"Home\",\"item\":\"https:\/\/www.lugaris.com\/it\/\"},{\"@type\":\"ListItem\",\"position\":2,\"name\":\"Comunicato sul Covid-19\"}]},{\"@type\":\"WebSite\",\"@id\":\"https:\/\/www.lugaris.com\/it\/#website\",\"url\":\"https:\/\/www.lugaris.com\/it\/\",\"name\":\"Lugaris\",\"description\":\"Apartamentos de vacaciones en Barcelona\",\"publisher\":{\"@id\":\"https:\/\/www.lugaris.com\/it\/#organization\"},\"potentialAction\":[{\"@type\":\"SearchAction\",\"target\":{\"@type\":\"EntryPoint\",\"urlTemplate\":\"https:\/\/www.lugaris.com\/it\/?s={search_term_string}\"},\"query-input\":\"required name=search_term_string\"}],\"inLanguage\":\"it-IT\"},{\"@type\":\"Organization\",\"@id\":\"https:\/\/www.lugaris.com\/it\/#organization\",\"name\":\"Lugaris Apartments in Barcelona\",\"url\":\"https:\/\/www.lugaris.com\/it\/\",\"logo\":{\"@type\":\"ImageObject\",\"inLanguage\":\"it-IT\",\"@id\":\"https:\/\/www.lugaris.com\/it\/#\/schema\/logo\/image\/\",\"url\":\"https:\/\/www.lugaris.com\/app\/uploads\/2020\/03\/Logo_lugaris_v2.png\",\"contentUrl\":\"https:\/\/www.lugaris.com\/app\/uploads\/2020\/03\/Logo_lugaris_v2.png\",\"width\":285,\"height\":257,\"caption\":\"Lugaris Apartments in Barcelona\"},\"image\":{\"@id\":\"https:\/\/www.lugaris.com\/it\/#\/schema\/logo\/image\/\"}}]}<\/script>\n<!-- \/ Yoast SEO plugin. -->","yoast_head_json":{"title":"Misure di sicurezza contro il COVID-19 | Lugaris","description":"A causa dell'epidemia causata dal virus COVID-19, gli appartamenti Lugaris hanno adottato nuovi protocolli e norme in tema di salute e sicurezza.","robots":{"index":"index","follow":"follow","max-snippet":"max-snippet:-1","max-image-preview":"max-image-preview:large","max-video-preview":"max-video-preview:-1"},"canonical":"https:\/\/www.lugaris.com\/it\/comunicato-sul-covid-19\/","og_locale":"it_IT","og_type":"article","og_title":"Misure di sicurezza contro il COVID-19 | Lugaris","og_description":"A causa dell'epidemia causata dal virus COVID-19, gli appartamenti Lugaris hanno adottato nuovi protocolli e norme in tema di salute e sicurezza.","og_url":"https:\/\/www.lugaris.com\/it\/comunicato-sul-covid-19\/","og_site_name":"Lugaris","article_modified_time":"2021-08-18T13:29:24+00:00","og_image":[{"width":600,"height":600,"url":"https:\/\/www.lugaris.com\/app\/uploads\/2020\/07\/covid.jpg","type":"image\/jpeg"}],"twitter_card":"summary_large_image","twitter_misc":{"Est. reading time":"5 minutes"},"schema":{"@context":"https:\/\/schema.org","@graph":[{"@type":"WebPage","@id":"https:\/\/www.lugaris.com\/it\/comunicato-sul-covid-19\/","url":"https:\/\/www.lugaris.com\/it\/comunicato-sul-covid-19\/","name":"Misure di sicurezza contro il COVID-19 | Lugaris","isPartOf":{"@id":"https:\/\/www.lugaris.com\/it\/#website"},"primaryImageOfPage":{"@id":"https:\/\/www.lugaris.com\/it\/comunicato-sul-covid-19\/#primaryimage"},"image":{"@id":"https:\/\/www.lugaris.com\/it\/comunicato-sul-covid-19\/#primaryimage"},"thumbnailUrl":"https:\/\/www.lugaris.com\/app\/uploads\/2020\/07\/covid.jpg","datePublished":"2020-08-04T16:44:43+00:00","dateModified":"2021-08-18T13:29:24+00:00","description":"A causa dell'epidemia causata dal virus COVID-19, gli appartamenti Lugaris hanno adottato nuovi protocolli e norme in tema di salute e sicurezza.","breadcrumb":{"@id":"https:\/\/www.lugaris.com\/it\/comunicato-sul-covid-19\/#breadcrumb"},"inLanguage":"it-IT","potentialAction":[{"@type":"ReadAction","target":["https:\/\/www.lugaris.com\/it\/comunicato-sul-covid-19\/"]}]},{"@type":"ImageObject","inLanguage":"it-IT","@id":"https:\/\/www.lugaris.com\/it\/comunicato-sul-covid-19\/#primaryimage","url":"https:\/\/www.lugaris.com\/app\/uploads\/2020\/07\/covid.jpg","contentUrl":"https:\/\/www.lugaris.com\/app\/uploads\/2020\/07\/covid.jpg","width":600,"height":600},{"@type":"BreadcrumbList","@id":"https:\/\/www.lugaris.com\/it\/comunicato-sul-covid-19\/#breadcrumb","itemListElement":[{"@type":"ListItem","position":1,"name":"Home","item":"https:\/\/www.lugaris.com\/it\/"},{"@type":"ListItem","position":2,"name":"Comunicato sul Covid-19"}]},{"@type":"WebSite","@id":"https:\/\/www.lugaris.com\/it\/#website","url":"https:\/\/www.lugaris.com\/it\/","name":"Lugaris","description":"Apartamentos de vacaciones en Barcelona","publisher":{"@id":"https:\/\/www.lugaris.com\/it\/#organization"},"potentialAction":[{"@type":"SearchAction","target":{"@type":"EntryPoint","urlTemplate":"https:\/\/www.lugaris.com\/it\/?s={search_term_string}"},"query-input":"required name=search_term_string"}],"inLanguage":"it-IT"},{"@type":"Organization","@id":"https:\/\/www.lugaris.com\/it\/#organization","name":"Lugaris Apartments in Barcelona","url":"https:\/\/www.lugaris.com\/it\/","logo":{"@type":"ImageObject","inLanguage":"it-IT","@id":"https:\/\/www.lugaris.com\/it\/#\/schema\/logo\/image\/","url":"https:\/\/www.lugaris.com\/app\/uploads\/2020\/03\/Logo_lugaris_v2.png","contentUrl":"https:\/\/www.lugaris.com\/app\/uploads\/2020\/03\/Logo_lugaris_v2.png","width":285,"height":257,"caption":"Lugaris Apartments in Barcelona"},"image":{"@id":"https:\/\/www.lugaris.com\/it\/#\/schema\/logo\/image\/"}}]}},"uagb_featured_image_src":{"full":["https:\/\/www.lugaris.com\/app\/uploads\/2020\/07\/covid.jpg",600,600,false],"thumbnail":["https:\/\/www.lugaris.com\/app\/uploads\/2020\/07\/covid-150x150.jpg",150,150,true],"medium":["https:\/\/www.lugaris.com\/app\/uploads\/2020\/07\/covid-300x300.jpg",300,300,true],"medium_large":["https:\/\/www.lugaris.com\/app\/uploads\/2020\/07\/covid.jpg",600,600,false],"large":["https:\/\/www.lugaris.com\/app\/uploads\/2020\/07\/covid.jpg",600,600,false],"1536x1536":["https:\/\/www.lugaris.com\/app\/uploads\/2020\/07\/covid.jpg",600,600,false],"2048x2048":["https:\/\/www.lugaris.com\/app\/uploads\/2020\/07\/covid.jpg",600,600,false]},"uagb_author_info":{"display_name":"Roberto Bordi","author_link":"https:\/\/www.lugaris.com\/it\/author\/rbb2-performance-es\/"},"uagb_comment_info":0,"uagb_excerpt":"MISURE DI SALUTE E SICUREZZA CONTRO IL COVID-19 Lugaris Apartments lavora ogni giorno per offrire i suoi servizi nel rispetto delle norme del Ministero della Salute, del Consumo e del Ministero dell&#8217;Industria, del Commercio e &hellip;","_links":{"self":[{"href":"https:\/\/www.lugaris.com\/it\/wp-json\/wp\/v2\/pages\/12629"}],"collection":[{"href":"https:\/\/www.lugaris.com\/it\/wp-json\/wp\/v2\/pages"}],"about":[{"href":"https:\/\/www.lugaris.com\/it\/wp-json\/wp\/v2\/types\/page"}],"author":[{"embeddable":true,"href":"https:\/\/www.lugaris.com\/it\/wp-json\/wp\/v2\/users\/4"}],"replies":[{"embeddable":true,"href":"https:\/\/www.lugaris.com\/it\/wp-json\/wp\/v2\/comments?post=12629"}],"version-history":[{"count":15,"href":"https:\/\/www.lugaris.com\/it\/wp-json\/wp\/v2\/pages\/12629\/revisions"}],"predecessor-version":[{"id":16612,"href":"https:\/\/www.lugaris.com\/it\/wp-json\/wp\/v2\/pages\/12629\/revisions\/16612"}],"wp:featuredmedia":[{"embeddable":true,"href":"https:\/\/www.lugaris.com\/it\/wp-json\/wp\/v2\/media\/11196"}],"wp:attachment":[{"href":"https:\/\/www.lugaris.com\/it\/wp-json\/wp\/v2\/media?parent=12629"}],"curies":[{"name":"wp","href":"https:\/\/api.w.org\/{rel}","templated":true}]}}