{"id":13544,"date":"2020-04-20T17:33:32","date_gmt":"2020-04-20T17:33:32","guid":{"rendered":"https:\/\/www.lugaris.com\/politica-de-cookies\/"},"modified":"2021-02-10T15:40:53","modified_gmt":"2021-02-10T15:40:53","slug":"politica-dei-cookie","status":"publish","type":"page","link":"https:\/\/www.lugaris.com\/it\/politica-dei-cookie\/","title":{"rendered":"Politica dei Cookie"},"content":{"rendered":"\n<p class=\"\"><\/p>\n\n\n\n<h2 class=\"wp-block-heading\"><strong>Informazioni sull&#8217;uso dei cookie<\/strong><\/h2>\n\n\n\n<p class=\"\">Con l&#8217;entrata in vigore della modifica alla &#8220;Legge sui servizi della societ\u00e0 dell&#8217;informazione&#8221; (LSSICE) stabilita dal Regio Decreto 13\/2012, \u00e8 obbligatorio ottenere il consenso espresso dell&#8217;utente di tutti i siti web che utilizzano cookie, prima di consultarli.<\/p>\n\n\n\n<h2 class=\"wp-block-heading\"><strong><strong>Cosa sono i cookie?<\/strong><\/strong><\/h2>\n\n\n\n<p class=\"\">I cookie e altre tecnologie simili, come i <em>local shared objects<\/em>, i <em>flash cookie<\/em> o i pixel, sono strumenti utilizzati dai server web per memorizzare e recuperare informazioni sui propri visitatori, nonch\u00e9 per fornire il corretto funzionamento del sito.<br>Attraverso l&#8217;utilizzo di questi dispositivi, il server Web \u00e8 in grado di ricordare alcuni dati che riguardano l&#8217;utente, come le sue preferenze per la visualizzazione delle pagine di quel server, il nome e la password, i prodotti che lo interessano maggiormente, ecc.<\/p>\n\n\n\n<h2 class=\"wp-block-heading\"><strong><strong>Cookies\u00a0interessati dalla norma e\u00a0quelli esenti<\/strong><\/strong><\/h2>\n\n\n\n<p class=\"\">Secondo la direttiva UE, i cookies che richiedono il consenso informato dell&#8217;utente sono cookies analitici e cookies pubblicitari e di affiliazione, ad eccezione di quelli di natura tecnica e di quelli necessari al funzionamento del sito web o alla fornitura di servizi espressamente richiesti dall&#8217;utente.<\/p>\n\n\n\n<h2 class=\"wp-block-heading\"><strong><strong>Quanti tipi di\u00a0cookies\u00a0esistono?<\/strong><\/strong><\/h2>\n\n\n\n<h3 class=\"wp-block-heading\">Per quanto riguarda i tipi di cookie, ci sono cinque gruppi principali:<\/h3>\n\n\n\n<ul class=\"\"><li> <em>Cookie analitici: <\/em>raccolgono informazioni sull&#8217;utilizzo del sito web<br> <em>Cookies sociali: <\/em>sono quelli necessari per i social network esterni.<br> <em>Cookies di affiliazione: <\/em>permettono di tracciare le visite da altri siti web, con i quali il sito web stabilisce un accordo di affiliazione (societ\u00e0 affiliate).<br> <em>Cookie pubblicitari e comportamentali: <\/em>raccolgono informazioni sulle preferenze e le scelte personali dell&#8217;utente (<em>retargeting<\/em>).<br> <em>Cookie tecnici e funzionali: <\/em>sono strettamente necessari per l&#8217;utilizzo del sito web e per la fornitura del servizio oggetto del contratto<\/li><\/ul>\n\n\n\n<h2 class=\"wp-block-heading\"><strong>Cookie utilizzati su questo sito web<\/strong><\/h2>\n\n\n\n<ul class=\"\"><li> <strong>s, _ceg.u, _ceir<\/strong>: CrazyEgg Company con sede negli USA, fornisce analisi web che analizzano come i visitatori interagiscono con le pagine di un sito.<\/li><\/ul>\n\n\n\n<ul class=\"\"><li> <strong>_ga<\/strong>:&nbsp;Cookie di Google Analytics che abilita la funzione di controllo delle visite uniche. La prima volta che un utente entra nel sito web attraverso un browser, questo cookie verr\u00e0 installato. Quando questo utente entra di nuovo nel sito web con lo stesso browser, il cookie lo considerer\u00e0 come lo stesso utente. Solo nel caso in cui l&#8217;utente cambi il browser, sar\u00e0 considerato come un altro utente. Durata di 2 anni dall&#8217;ultimo aggiornamento.<\/li><\/ul>\n\n\n\n<ul class=\"\"><li>_<strong>gat<\/strong>: Questo cookie \u00e8 associato a Google Analytics Universal. Viene utilizzato per limitare la velocit\u00e0 della richiesta &#8211; limitando la raccolta di dati su siti ad alto traffico. Scade dopo 10 minuti.<\/li><\/ul>\n\n\n\n<ul class=\"\"><li> <strong>_gid:<\/strong>&nbsp;&nbsp;Durata di 24 ore. Si usa per distinguere gli utenti.<\/li><\/ul>\n\n\n\n<ul class=\"\"><li><strong>_ym_uid:&nbsp;<\/strong>Durata di 1 anno. Questi cookie vengono utilizzati per la misurazione e l&#8217;analisi del traffico su questo sito web. Sono i cookie utilizzati dalla sceneggiatura di Yandex Metrica della societ\u00e0 Yandex.<\/li><\/ul>\n\n\n\n<ul class=\"\"><li><strong>redux_current_tab, redux_current_tab_get:&nbsp;<\/strong>WordPress Cookie. Dura 1 settimana. Cookie per migliorare la navigazione sul web.<\/li><\/ul>\n\n\n\n<ul class=\"\"><li><strong>wfwaf-authcookie, wfvt_:&nbsp;<\/strong>Identificazione del visitatore tramite un plugin di sicurezza per prevenire gli attacchi sul web. Durata di 30 minuti<\/li><\/ul>\n\n\n\n<ul class=\"\"><li><strong>_icl_current_language:&nbsp;<\/strong>Identifica la lingua dell&#8217;utente. Scade in 24 ore<\/li><\/ul>\n\n\n\n<ul class=\"\"><li><strong>wpml_referer_url:<\/strong>&nbsp;Memorizza l&#8217;ultima &#8220;url&#8221; richiesta nel front-end. Durata di 24 ore.<\/li><\/ul>\n\n\n\n<ul class=\"\"><li><strong>Mixpanel:<\/strong>&nbsp;Per la creazione di statistiche dei visitatori&nbsp; <\/li><\/ul>\n\n\n\n<h2 class=\"wp-block-heading\"><strong>Altri cookie<\/strong><\/h2>\n\n\n\n<div class=\"wp-block-image\"><figure class=\"aligncenter size-large is-resized\"><img fetchpriority=\"high\" decoding=\"async\" src=\"https:\/\/www.lugaris.com\/app\/uploads\/2020\/04\/cookies-1024x183.png\" alt=\"\" class=\"wp-image-1930\" width=\"1139\" height=\"204\" srcset=\"https:\/\/www.lugaris.com\/app\/uploads\/2020\/04\/cookies-1024x183.png 1024w, https:\/\/www.lugaris.com\/app\/uploads\/2020\/04\/cookies-300x54.png 300w, https:\/\/www.lugaris.com\/app\/uploads\/2020\/04\/cookies-768x137.png 768w, https:\/\/www.lugaris.com\/app\/uploads\/2020\/04\/cookies.png 1068w\" sizes=\"(max-width: 1139px) 100vw, 1139px\" \/><\/figure><\/div>\n\n\n\n<h2 class=\"wp-block-heading\"><strong><strong>Revoca del consenso all&#8217;installazione dei cookie<\/strong><\/strong><\/h2>\n\n\n\n<p class=\"\">COME ELIMINARE I COOKIE DEL BROWSER <\/p>\n\n\n\n<h3 class=\"wp-block-heading\"> <strong>Chrome<\/strong> <\/h3>\n\n\n\n<ol class=\"\"><li> 1. Selezionare l&#8217;icona Strumenti<br> 2. Clicca su Impostazioni  <br> 3. Clicca su Mostra opzioni avanzate  <br> 4. Nella sezione &#8220;Privacy&#8221;, cliccare su Impostazioni contenuti<br> \u2022 Cancellare i cookie: Clicca su tutti i cookie e i dati del sito\u2026<br> \u2022 Non consentire la memorizzazione dei cookie. <br> 5. Cliccare su Cancella dati di navigazione (svuotare la cache).<br> 6. Chiudere e riavviare il browser.<\/li><\/ol>\n\n\n\n<p class=\"\">Per maggiori informazioni su Chrome clicca qui:&nbsp;<a href=\"http:\/\/support.google.com\/chrome\/answer\/95647?hl=es\">http:\/\/support.google.com\/chrome\/answer\/95647?hl=es<\/a> <\/p>\n\n\n\n<h3 class=\"wp-block-heading\"> <strong>Internet Explorer.\u00a0versione 11<\/strong><\/h3>\n\n\n\n<ol class=\"\"><li> 1. Selezionare Strumenti | Opzioni Internet.<br> 2. Fare clic sulla scheda Generale. <br> 3. Nella sezione &#8220;Cronologia di navigazione&#8221;, fare clic su Cancella cronologia di navigazione all&#8217;uscita.<br> 4. Selezionare Cancella file. <br> 5. Selezionare Elimina cookie.<br> 6. Fare clic su Elimina.<br> 7. Fare clic su Accetta.<br> 8. Chiudere e riavviare il browser.      <\/li><\/ol>\n\n\n\n<p class=\"\"> Per ulteriori informazioni su Internet Explorer clicca qui:&nbsp;<a href=\"http:\/\/windows.microsoft.com\/es-419\/windows7\/how-to-manage-cookies-in-internet-explorer-9\">http:\/\/windows.microsoft.com\/es-419\/windows7\/how-to-manage-cookies-in-internet-explorer-9<\/a> <\/p>\n\n\n\n<h3 class=\"wp-block-heading\"> <strong>Firefox. versione 18<\/strong> <\/h3>\n\n\n\n<ul class=\"\"><li> 1. Selezionare Firefox | Storia | Cancella la cronologia recente.<br> 2. Accanto a &#8220;Dettagli&#8221;, fare clic sulla freccia rivolta verso il basso.<br> 3. Selezionare le seguenti caselle di controllo: Cookies, Cache, Active Logins  <br> 4. Utilizzando il &#8220;Clear Time Range&#8221; nel menu a discesa, selezionare All.<br> 5. Fare clic su Elimina ora..  <br> 6. Chiudere e riavviare il browser.<\/li><\/ul>\n\n\n\n<p class=\"\">\u00c8 possibile accettare o rifiutare i cookie singolarmente nelle Preferenze di Firefox nella sezione Cronologia disponibile in Strumenti &gt; Opzioni &gt; Privacy.<\/p>\n\n\n\n<p class=\"\">Per ulteriori informazioni su Mozilla Firefox clicca qui:&nbsp;<a href=\"https:\/\/www.mozilla.org\/es-ES\/privacy\/websites\/#cookies\">https:\/\/www.mozilla.org\/es-ES\/privacy\/websites\/#cookies<\/a> <\/p>\n\n\n\n<h3 class=\"wp-block-heading\"> <strong>Safari versione 5.1<\/strong> <\/h3>\n\n\n\n<ol start=\"1\" class=\"\"><li> 1. Selezionare l&#8217;icona Safari \/ Modifica | Ripristina Safari.<br> 2. Selezionare le seguenti caselle di controllo: Cancella la cronologia, Cancella tutti i dati del sito web<br> 3. Fare clic su Reset.<br> 4. Chiudere e riavviare il browser.<\/li><\/ol>\n\n\n\n<p class=\"\"> Per maggiori informazioni su Safari clicca qui:&nbsp;<a href=\"http:\/\/support.apple.com\/kb\/PH5042\">http:\/\/support.apple.com\/kb\/PH5042<\/a> <\/p>\n\n\n\n<h3 class=\"wp-block-heading\"> <strong>Opera<\/strong> <\/h3>\n\n\n\n<p class=\"\">Opzioni &#8211; Avanzate &#8211; Cookies.<br>Le opzioni dei cookie controllano il modo in cui Opera li gestisce e quindi la loro accettazione o rifiuto.<br><br>Per maggiori informazioni su Opera clicca qui:&nbsp;<a href=\"http:\/\/help.opera.com\/Linux\/10.60\/es-ES\/cookies.html\">http:\/\/help.opera.com\/Linux\/10.60\/es-ES\/cookies.html<\/a> <br><br><strong>Altri browser:<\/strong> <br><br>Controlla la documentazione del browser installato sul computer.<br><\/p>\n\n\n\n<div class=\"\"><div class=\"\"><a bb=\"link\" href=\"\/app\/uploads\/2020\/05\/Politica_de_COOKIES.pdf\" class=\"wp-block-lugaris-round-button aligncenter round-button bg-yellow\" target=\"_blank\" rel=\"noopener noreferrer\"><img decoding=\"async\" bb=\"image\" bb-id=\"2820\" class=\"round-button__image\" src=\"https:\/\/www.lugaris.com\/app\/uploads\/2020\/05\/pdf-svgrepo-com.svg\" alt=\"\" title=\"pdf-svgrepo-com\"><span bb=\"header\" class=\"round-button__content\"><h2 style=\"font-size:16px\">Scarica il formato PDF<\/h2><\/span><\/a><\/div><\/div>\n\n\n<section class=\"blocks__extra-info \" id=\"\">\n    <h3> <\/h3>\n\n    <div class=\"blocks__extra-info__list\">\n                    <div class=\"blocks__extra-info__item\" id=\"domande-frequenti\">\n        <a\n                    href=\"https:\/\/www.lugaris.com\/it\/domande-frequenti\/\" \n        \n        \n    >\n            <article class=\"blocks__extra-info__item__container\">\n            <img decoding=\"async\" src=\"https:\/\/www.lugaris.com\/app\/uploads\/2020\/06\/search-1756278_640.jpg\" class=\"blocks__extra-info__item__thumbnail\"><\/img>\n            <div  class=\"blocks__extra-info__item__content\">\n                <header>\n                    <h4 class=\"blocks__extra-info__item__title\">\n                        Domande Frequenti\n                    <\/h4>\n                <\/header>\n                <section>\n                    <p class=\"blocks__extra-info__item__excerpt\">\n                        Sia che tu venga a Barcellona per lavoro o per una vacanza, da solo, con il tuo partner, con tutta la famiglia, e vuoi trascorrere un giorno, una settimana&#8230;\n                    <\/p>\n                    \n                                        <span class=\"blocks__extra-info__item__read-more\">Leggi di pi\u00f9<\/span>\n                    <span class=\"blocks__extra-info__item__read-less\">Read less<\/span>\n                                    <\/section>\n            <\/div>\n        <\/article>\n        <\/a>\n    <\/div>\n                                <div class=\"blocks__extra-info__item\" id=\"protezione-dati-personali\">\n        <a\n                    href=\"https:\/\/www.lugaris.com\/it\/protezione-dati-personali\/\" \n        \n        \n    >\n            <article class=\"blocks__extra-info__item__container\">\n            <img decoding=\"async\" src=\"https:\/\/www.lugaris.com\/app\/uploads\/2020\/06\/spyware-2319403_1280.jpg\" class=\"blocks__extra-info__item__thumbnail\"><\/img>\n            <div  class=\"blocks__extra-info__item__content\">\n                <header>\n                    <h4 class=\"blocks__extra-info__item__title\">\n                        Protezione dati personali\n                    <\/h4>\n                <\/header>\n                <section>\n                    <p class=\"blocks__extra-info__item__excerpt\">\n                        LUGARIS APARTMENTS S L \u00e8 responsabile del trattamento dei dati personali dell&#8217;Utente e informa che tali dati saranno trattati in conformit\u00e0 con le disposizioni della normativa vigente in materia di protezione dati, stabilite dal Regolamento&#8230;\n                    <\/p>\n                    \n                                        <span class=\"blocks__extra-info__item__read-more\">Leggi di pi\u00f9<\/span>\n                    <span class=\"blocks__extra-info__item__read-less\">Read less<\/span>\n                                    <\/section>\n            <\/div>\n        <\/article>\n        <\/a>\n    <\/div>\n                                <div class=\"blocks__extra-info__item\" id=\"politica-dei-cookie\">\n        <a\n                    href=\"https:\/\/www.lugaris.com\/it\/politica-dei-cookie\/\" \n        \n        \n    >\n            <article class=\"blocks__extra-info__item__container\">\n            <img decoding=\"async\" src=\"https:\/\/www.lugaris.com\/app\/uploads\/2020\/06\/block-chain-3513213_960_720.jpg\" class=\"blocks__extra-info__item__thumbnail\"><\/img>\n            <div  class=\"blocks__extra-info__item__content\">\n                <header>\n                    <h4 class=\"blocks__extra-info__item__title\">\n                        Politica dei Cookie\n                    <\/h4>\n                <\/header>\n                <section>\n                    <p class=\"blocks__extra-info__item__excerpt\">\n                        Con l&#8217;entrata in vigore della modifica alla &#8220;Legge sui servizi della societ\u00e0 dell&#8217;informazione&#8221; (LSSICE) stabilita dal Regio Decreto 13\/2012, \u00e8 obbligatorio ottenere il consenso espresso dell&#8217;utente di tutti i siti web che utilizzano cookie, prima di consultarli..\n                    <\/p>\n                    \n                                        <span class=\"blocks__extra-info__item__read-more\">Leggi di pi\u00f9<\/span>\n                    <span class=\"blocks__extra-info__item__read-less\">Read less<\/span>\n                                    <\/section>\n            <\/div>\n        <\/article>\n        <\/a>\n    <\/div>\n                                <div class=\"blocks__extra-info__item\" id=\"termini-e-condizioni\">\n        <a\n                    href=\"https:\/\/www.lugaris.com\/it\/termini-e-condizioni\/\" \n        \n        \n    >\n            <article class=\"blocks__extra-info__item__container\">\n            <img decoding=\"async\" src=\"https:\/\/www.lugaris.com\/app\/uploads\/2020\/06\/law-5243222_640.jpg\" class=\"blocks__extra-info__item__thumbnail\"><\/img>\n            <div  class=\"blocks__extra-info__item__content\">\n                <header>\n                    <h4 class=\"blocks__extra-info__item__title\">\n                        Termini e condizioni\n                    <\/h4>\n                <\/header>\n                <section>\n                    <p class=\"blocks__extra-info__item__excerpt\">\n                        AFFITTO Questo affitto \u00e8 considerato come AFFITTO TURISTICO ed \u00e8 destinato ad un uso diverso da quello di casa, in quanto non ha come scopo principale quello di soddisfare il bisogno permanente di alloggio dell&#8217;inquilino, &hellip;\n                    <\/p>\n                    \n                                        <span class=\"blocks__extra-info__item__read-more\">Leggi di pi\u00f9<\/span>\n                    <span class=\"blocks__extra-info__item__read-less\">Read less<\/span>\n                                    <\/section>\n            <\/div>\n        <\/article>\n        <\/a>\n    <\/div>\n                        <\/div>\n\n        <div class=\"blocks__extra-info__content__container\">\n                                                                                            <\/div>\n\n    <span class=\"blocks__extra-info__list__button__left prev\"><\/span>\n    <span class=\"blocks__extra-info__list__button__right next\"><\/span>\n    <\/section>\n","protected":false},"excerpt":{"rendered":"<p>Con l&#8217;entrata in vigore della modifica alla &#8220;Legge sui servizi della societ\u00e0 dell&#8217;informazione&#8221; (LSSICE) stabilita dal Regio Decreto 13\/2012, \u00e8 obbligatorio ottenere il consenso espresso dell&#8217;utente di tutti i siti web che utilizzano cookie, prima di consultarli..<\/p>\n","protected":false},"author":4,"featured_media":13546,"parent":0,"menu_order":0,"comment_status":"closed","ping_status":"open","template":"","meta":{"_uag_custom_page_level_css":"","footnotes":""},"yoast_head":"<!-- This site is optimized with the Yoast SEO plugin v23.1 - https:\/\/yoast.com\/wordpress\/plugins\/seo\/ -->\n<title>Politica dei Cookie | Lugaris<\/title>\n<meta name=\"robots\" content=\"index, follow, max-snippet:-1, max-image-preview:large, max-video-preview:-1\" \/>\n<link rel=\"canonical\" href=\"https:\/\/www.lugaris.com\/it\/politica-dei-cookie\/\" \/>\n<meta property=\"og:locale\" content=\"it_IT\" \/>\n<meta property=\"og:type\" content=\"article\" \/>\n<meta property=\"og:title\" content=\"Politica dei Cookie | Lugaris\" \/>\n<meta property=\"og:description\" content=\"Con l&#039;entrata in vigore della modifica alla &quot;Legge sui servizi della societ\u00e0 dell&#039;informazione&quot; (LSSICE) stabilita dal Regio Decreto 13\/2012, \u00e8 obbligatorio ottenere il consenso espresso dell&#039;utente di tutti i siti web che utilizzano cookie, prima di consultarli..\" \/>\n<meta property=\"og:url\" content=\"https:\/\/www.lugaris.com\/it\/politica-dei-cookie\/\" \/>\n<meta property=\"og:site_name\" content=\"Lugaris\" \/>\n<meta property=\"article:modified_time\" content=\"2021-02-10T15:40:53+00:00\" \/>\n<meta property=\"og:image\" content=\"https:\/\/www.lugaris.com\/app\/uploads\/2020\/06\/block-chain-3513213_960_720.jpg\" \/>\n\t<meta property=\"og:image:width\" content=\"960\" \/>\n\t<meta property=\"og:image:height\" content=\"640\" \/>\n\t<meta property=\"og:image:type\" content=\"image\/jpeg\" \/>\n<meta name=\"twitter:card\" content=\"summary_large_image\" \/>\n<meta name=\"twitter:label1\" content=\"Est. reading time\" \/>\n\t<meta name=\"twitter:data1\" content=\"4 minutes\" \/>\n<script type=\"application\/ld+json\" class=\"yoast-schema-graph\">{\"@context\":\"https:\/\/schema.org\",\"@graph\":[{\"@type\":\"WebPage\",\"@id\":\"https:\/\/www.lugaris.com\/it\/politica-dei-cookie\/\",\"url\":\"https:\/\/www.lugaris.com\/it\/politica-dei-cookie\/\",\"name\":\"Politica dei Cookie | Lugaris\",\"isPartOf\":{\"@id\":\"https:\/\/www.lugaris.com\/it\/#website\"},\"primaryImageOfPage\":{\"@id\":\"https:\/\/www.lugaris.com\/it\/politica-dei-cookie\/#primaryimage\"},\"image\":{\"@id\":\"https:\/\/www.lugaris.com\/it\/politica-dei-cookie\/#primaryimage\"},\"thumbnailUrl\":\"https:\/\/www.lugaris.com\/app\/uploads\/2020\/06\/block-chain-3513213_960_720.jpg\",\"datePublished\":\"2020-04-20T17:33:32+00:00\",\"dateModified\":\"2021-02-10T15:40:53+00:00\",\"breadcrumb\":{\"@id\":\"https:\/\/www.lugaris.com\/it\/politica-dei-cookie\/#breadcrumb\"},\"inLanguage\":\"it-IT\",\"potentialAction\":[{\"@type\":\"ReadAction\",\"target\":[\"https:\/\/www.lugaris.com\/it\/politica-dei-cookie\/\"]}]},{\"@type\":\"ImageObject\",\"inLanguage\":\"it-IT\",\"@id\":\"https:\/\/www.lugaris.com\/it\/politica-dei-cookie\/#primaryimage\",\"url\":\"https:\/\/www.lugaris.com\/app\/uploads\/2020\/06\/block-chain-3513213_960_720.jpg\",\"contentUrl\":\"https:\/\/www.lugaris.com\/app\/uploads\/2020\/06\/block-chain-3513213_960_720.jpg\",\"width\":960,\"height\":640},{\"@type\":\"BreadcrumbList\",\"@id\":\"https:\/\/www.lugaris.com\/it\/politica-dei-cookie\/#breadcrumb\",\"itemListElement\":[{\"@type\":\"ListItem\",\"position\":1,\"name\":\"Home\",\"item\":\"https:\/\/www.lugaris.com\/it\/\"},{\"@type\":\"ListItem\",\"position\":2,\"name\":\"Politica dei Cookie\"}]},{\"@type\":\"WebSite\",\"@id\":\"https:\/\/www.lugaris.com\/it\/#website\",\"url\":\"https:\/\/www.lugaris.com\/it\/\",\"name\":\"Lugaris\",\"description\":\"Apartamentos de vacaciones en Barcelona\",\"publisher\":{\"@id\":\"https:\/\/www.lugaris.com\/it\/#organization\"},\"potentialAction\":[{\"@type\":\"SearchAction\",\"target\":{\"@type\":\"EntryPoint\",\"urlTemplate\":\"https:\/\/www.lugaris.com\/it\/?s={search_term_string}\"},\"query-input\":\"required name=search_term_string\"}],\"inLanguage\":\"it-IT\"},{\"@type\":\"Organization\",\"@id\":\"https:\/\/www.lugaris.com\/it\/#organization\",\"name\":\"Lugaris Apartments in Barcelona\",\"url\":\"https:\/\/www.lugaris.com\/it\/\",\"logo\":{\"@type\":\"ImageObject\",\"inLanguage\":\"it-IT\",\"@id\":\"https:\/\/www.lugaris.com\/it\/#\/schema\/logo\/image\/\",\"url\":\"https:\/\/www.lugaris.com\/app\/uploads\/2020\/03\/Logo_lugaris_v2.png\",\"contentUrl\":\"https:\/\/www.lugaris.com\/app\/uploads\/2020\/03\/Logo_lugaris_v2.png\",\"width\":285,\"height\":257,\"caption\":\"Lugaris Apartments in Barcelona\"},\"image\":{\"@id\":\"https:\/\/www.lugaris.com\/it\/#\/schema\/logo\/image\/\"}}]}<\/script>\n<!-- \/ Yoast SEO plugin. -->","yoast_head_json":{"title":"Politica dei Cookie | Lugaris","robots":{"index":"index","follow":"follow","max-snippet":"max-snippet:-1","max-image-preview":"max-image-preview:large","max-video-preview":"max-video-preview:-1"},"canonical":"https:\/\/www.lugaris.com\/it\/politica-dei-cookie\/","og_locale":"it_IT","og_type":"article","og_title":"Politica dei Cookie | Lugaris","og_description":"Con l'entrata in vigore della modifica alla \"Legge sui servizi della societ\u00e0 dell'informazione\" (LSSICE) stabilita dal Regio Decreto 13\/2012, \u00e8 obbligatorio ottenere il consenso espresso dell'utente di tutti i siti web che utilizzano cookie, prima di consultarli..","og_url":"https:\/\/www.lugaris.com\/it\/politica-dei-cookie\/","og_site_name":"Lugaris","article_modified_time":"2021-02-10T15:40:53+00:00","og_image":[{"width":960,"height":640,"url":"https:\/\/www.lugaris.com\/app\/uploads\/2020\/06\/block-chain-3513213_960_720.jpg","type":"image\/jpeg"}],"twitter_card":"summary_large_image","twitter_misc":{"Est. reading time":"4 minutes"},"schema":{"@context":"https:\/\/schema.org","@graph":[{"@type":"WebPage","@id":"https:\/\/www.lugaris.com\/it\/politica-dei-cookie\/","url":"https:\/\/www.lugaris.com\/it\/politica-dei-cookie\/","name":"Politica dei Cookie | Lugaris","isPartOf":{"@id":"https:\/\/www.lugaris.com\/it\/#website"},"primaryImageOfPage":{"@id":"https:\/\/www.lugaris.com\/it\/politica-dei-cookie\/#primaryimage"},"image":{"@id":"https:\/\/www.lugaris.com\/it\/politica-dei-cookie\/#primaryimage"},"thumbnailUrl":"https:\/\/www.lugaris.com\/app\/uploads\/2020\/06\/block-chain-3513213_960_720.jpg","datePublished":"2020-04-20T17:33:32+00:00","dateModified":"2021-02-10T15:40:53+00:00","breadcrumb":{"@id":"https:\/\/www.lugaris.com\/it\/politica-dei-cookie\/#breadcrumb"},"inLanguage":"it-IT","potentialAction":[{"@type":"ReadAction","target":["https:\/\/www.lugaris.com\/it\/politica-dei-cookie\/"]}]},{"@type":"ImageObject","inLanguage":"it-IT","@id":"https:\/\/www.lugaris.com\/it\/politica-dei-cookie\/#primaryimage","url":"https:\/\/www.lugaris.com\/app\/uploads\/2020\/06\/block-chain-3513213_960_720.jpg","contentUrl":"https:\/\/www.lugaris.com\/app\/uploads\/2020\/06\/block-chain-3513213_960_720.jpg","width":960,"height":640},{"@type":"BreadcrumbList","@id":"https:\/\/www.lugaris.com\/it\/politica-dei-cookie\/#breadcrumb","itemListElement":[{"@type":"ListItem","position":1,"name":"Home","item":"https:\/\/www.lugaris.com\/it\/"},{"@type":"ListItem","position":2,"name":"Politica dei Cookie"}]},{"@type":"WebSite","@id":"https:\/\/www.lugaris.com\/it\/#website","url":"https:\/\/www.lugaris.com\/it\/","name":"Lugaris","description":"Apartamentos de vacaciones en Barcelona","publisher":{"@id":"https:\/\/www.lugaris.com\/it\/#organization"},"potentialAction":[{"@type":"SearchAction","target":{"@type":"EntryPoint","urlTemplate":"https:\/\/www.lugaris.com\/it\/?s={search_term_string}"},"query-input":"required name=search_term_string"}],"inLanguage":"it-IT"},{"@type":"Organization","@id":"https:\/\/www.lugaris.com\/it\/#organization","name":"Lugaris Apartments in Barcelona","url":"https:\/\/www.lugaris.com\/it\/","logo":{"@type":"ImageObject","inLanguage":"it-IT","@id":"https:\/\/www.lugaris.com\/it\/#\/schema\/logo\/image\/","url":"https:\/\/www.lugaris.com\/app\/uploads\/2020\/03\/Logo_lugaris_v2.png","contentUrl":"https:\/\/www.lugaris.com\/app\/uploads\/2020\/03\/Logo_lugaris_v2.png","width":285,"height":257,"caption":"Lugaris Apartments in Barcelona"},"image":{"@id":"https:\/\/www.lugaris.com\/it\/#\/schema\/logo\/image\/"}}]}},"uagb_featured_image_src":{"full":["https:\/\/www.lugaris.com\/app\/uploads\/2020\/06\/block-chain-3513213_960_720.jpg",960,640,false],"thumbnail":["https:\/\/www.lugaris.com\/app\/uploads\/2020\/06\/block-chain-3513213_960_720-150x150.jpg",150,150,true],"medium":["https:\/\/www.lugaris.com\/app\/uploads\/2020\/06\/block-chain-3513213_960_720-300x200.jpg",300,200,true],"medium_large":["https:\/\/www.lugaris.com\/app\/uploads\/2020\/06\/block-chain-3513213_960_720-768x512.jpg",768,512,true],"large":["https:\/\/www.lugaris.com\/app\/uploads\/2020\/06\/block-chain-3513213_960_720.jpg",960,640,false],"1536x1536":["https:\/\/www.lugaris.com\/app\/uploads\/2020\/06\/block-chain-3513213_960_720.jpg",960,640,false],"2048x2048":["https:\/\/www.lugaris.com\/app\/uploads\/2020\/06\/block-chain-3513213_960_720.jpg",960,640,false]},"uagb_author_info":{"display_name":"Roberto Bordi","author_link":"https:\/\/www.lugaris.com\/it\/author\/rbb2-performance-es\/"},"uagb_comment_info":0,"uagb_excerpt":"Con l'entrata in vigore della modifica alla \"Legge sui servizi della societ\u00e0 dell'informazione\" (LSSICE) stabilita dal Regio Decreto 13\/2012, \u00e8 obbligatorio ottenere il consenso espresso dell'utente di tutti i siti web che utilizzano cookie, prima di consultarli..","_links":{"self":[{"href":"https:\/\/www.lugaris.com\/it\/wp-json\/wp\/v2\/pages\/13544"}],"collection":[{"href":"https:\/\/www.lugaris.com\/it\/wp-json\/wp\/v2\/pages"}],"about":[{"href":"https:\/\/www.lugaris.com\/it\/wp-json\/wp\/v2\/types\/page"}],"author":[{"embeddable":true,"href":"https:\/\/www.lugaris.com\/it\/wp-json\/wp\/v2\/users\/4"}],"replies":[{"embeddable":true,"href":"https:\/\/www.lugaris.com\/it\/wp-json\/wp\/v2\/comments?post=13544"}],"version-history":[{"count":19,"href":"https:\/\/www.lugaris.com\/it\/wp-json\/wp\/v2\/pages\/13544\/revisions"}],"predecessor-version":[{"id":15676,"href":"https:\/\/www.lugaris.com\/it\/wp-json\/wp\/v2\/pages\/13544\/revisions\/15676"}],"wp:featuredmedia":[{"embeddable":true,"href":"https:\/\/www.lugaris.com\/it\/wp-json\/wp\/v2\/media\/13546"}],"wp:attachment":[{"href":"https:\/\/www.lugaris.com\/it\/wp-json\/wp\/v2\/media?parent=13544"}],"curies":[{"name":"wp","href":"https:\/\/api.w.org\/{rel}","templated":true}]}}